{"id":19157,"date":"2022-05-28T08:09:25","date_gmt":"2022-05-28T06:09:25","guid":{"rendered":"https:\/\/www.thermenbauernladen.com\/online\/?post_type=product&#038;p=19157"},"modified":"2022-05-28T08:09:28","modified_gmt":"2022-05-28T06:09:28","slug":"kuerbiskernlikoer-02l-schweighofer-3","status":"publish","type":"product","link":"https:\/\/www.thermenbauernladen.com\/online\/produkt\/kuerbiskernlikoer-02l-schweighofer-3\/","title":{"rendered":"K\u00fcrbiskernlik\u00f6r 0,2l &#8211; Schweighofer"},"content":{"rendered":"<p>In diesem Lik\u00f6r steckt die gesammelte steirische Kraft.\u00a0Mit\u00a0ger\u00f6steten K\u00fcbiskernen, dem K\u00fcrbiskern\u00f6l, Weinbrand und Vanille\u00a0wird der Lik\u00f6r zur\u00a0cremigen Versuchung!<\/p>\n<p><u>Kulinarischer Tipp<\/u><\/p>\n<p>Ein ganz besonderes Highlight ergibt der K\u00fcrbiskernlik\u00f6r zusammen mit Vanilleeis. Aber auch verschiedene Creme-Desserts und andere S\u00fc\u00dfspeisen lassen sich wunderbar mit ihm verfeinern.<\/p>\n<hr \/>\n<table class=\" cke_show_border\" dir=\"ltr\" border=\"0\" cellspacing=\"0\" cellpadding=\"0\" align=\"left\">\n<tbody>\n<tr>\n<td>Zutaten\/Inhaltsstoffe<\/td>\n<td><\/td>\n<\/tr>\n<tr>\n<td>Charakteristik<\/td>\n<td>cremig, s\u00fc\u00df und nussig; mit feinem Vanille-Geschmack<\/td>\n<\/tr>\n<tr>\n<td>Lagerung<\/td>\n<td>k\u00fchl und dunkel<\/td>\n<\/tr>\n<tr>\n<td>Alkohol<\/td>\n<td><\/td>\n<\/tr>\n<tr>\n<td>Allergene<\/td>\n<td><\/td>\n<\/tr>\n<tr>\n<td>Passt zu<\/td>\n<td>Vanilleeis, s\u00fc\u00dfen Desserts<\/td>\n<\/tr>\n<\/tbody>\n<\/table>\n<hr \/>\n<hr \/>\n<div class=\"cke_pagebreak\" title=\"Seitenumbruch einf\u00fcgen\" contenteditable=\"false\" data-cke-display-name=\"pagebreak\" aria-label=\"Seitenumbruch einf\u00fcgen\"><\/div>\n<p><u>\u00dcber den Produzenten<\/u><\/p>\n<p>Als kleines Familienunternehmen im Herzen der gr\u00fcnen Steiermark produziert die Familie Schweighofer hausgemachte, qualitativ hochwertige und geschmacksintensive Lik\u00f6re, Marmeladen, Sirupe und Salze, wobei sie nur Ausgangsmaterialien des eigenen Gartens oder unmittelbaren Umfelds verwendet.<\/p>\n<p><u>Fragen zum Produkt<\/u><\/p>\n<p>produkt@thermenbauernladen.at<\/p>\n","protected":false},"excerpt":{"rendered":"<p>Cremig und nussig &#8211; der Lik\u00f6r aus den\u00a0beliebten steirischen K\u00fcrbiskernen<\/p>\n<p>Ein einzigartig steirischer Lik\u00f6r mit dem Geschmack nach ger\u00f6steten\u00a0K\u00fcrbiskernen und einem feinen Vanille-Aroma<\/p>\n","protected":false},"featured_media":18103,"comment_status":"closed","ping_status":"closed","template":"","meta":[],"product_brand":[],"product_cat":[147,148],"product_tag":[],"class_list":{"0":"post-19157","1":"product","2":"type-product","3":"status-publish","4":"has-post-thumbnail","6":"product_cat-kuerbiskerne-kernoelkuerbis","7":"product_cat-likoer-vinothek-destillerie","9":"first","10":"instock","11":"taxable","12":"shipping-taxable","13":"product-type-simple"},"_links":{"self":[{"href":"https:\/\/www.thermenbauernladen.com\/online\/wp-json\/wp\/v2\/product\/19157","targetHints":{"allow":["GET"]}}],"collection":[{"href":"https:\/\/www.thermenbauernladen.com\/online\/wp-json\/wp\/v2\/product"}],"about":[{"href":"https:\/\/www.thermenbauernladen.com\/online\/wp-json\/wp\/v2\/types\/product"}],"replies":[{"embeddable":true,"href":"https:\/\/www.thermenbauernladen.com\/online\/wp-json\/wp\/v2\/comments?post=19157"}],"wp:featuredmedia":[{"embeddable":true,"href":"https:\/\/www.thermenbauernladen.com\/online\/wp-json\/wp\/v2\/media\/18103"}],"wp:attachment":[{"href":"https:\/\/www.thermenbauernladen.com\/online\/wp-json\/wp\/v2\/media?parent=19157"}],"wp:term":[{"taxonomy":"product_brand","embeddable":true,"href":"https:\/\/www.thermenbauernladen.com\/online\/wp-json\/wp\/v2\/product_brand?post=19157"},{"taxonomy":"product_cat","embeddable":true,"href":"https:\/\/www.thermenbauernladen.com\/online\/wp-json\/wp\/v2\/product_cat?post=19157"},{"taxonomy":"product_tag","embeddable":true,"href":"https:\/\/www.thermenbauernladen.com\/online\/wp-json\/wp\/v2\/product_tag?post=19157"}],"curies":[{"name":"wp","href":"https:\/\/api.w.org\/{rel}","templated":true}]}}