{"id":19181,"date":"2022-05-28T08:09:33","date_gmt":"2022-05-28T06:09:33","guid":{"rendered":"https:\/\/www.thermenbauernladen.com\/online\/?post_type=product&#038;p=19181"},"modified":"2022-05-28T08:09:36","modified_gmt":"2022-05-28T06:09:36","slug":"schilcher-traubensaft-1l-maluhof-4","status":"publish","type":"product","link":"https:\/\/www.thermenbauernladen.com\/online\/produkt\/schilcher-traubensaft-1l-maluhof-4\/","title":{"rendered":"Schilcher Traubensaft 1l &#8211; Maluhof"},"content":{"rendered":"<p>Der zu 100 % aus der heimischen Rebsorte &#8222;Blauer Wildbacher&#8220; gewonnene Schilcher-Traubensaft bietet ein erfrischend fruchtiges Geschmackserlebnis mit einem angenehmen S\u00e4ureanteil. Die zu den roten Rebsorten z\u00e4hlende Schilcher-Rebe w\u00e4chst ausschlie\u00dflich im Weinland Steiermark. Sie wurde vermutlich schon um 400 v. Chr. von den Kelten im Gebiet der heutigen Steiermark sowie der ehemaligen Untersteiermark aus einer heimischen Wildrebe gezogen und begeistert heute als Saft, Wein, Sturm und Sekt.<\/p>\n<p><u>Kulinarischer Tipp<\/u><\/p>\n<p>Der Schilcher-Traubensaft ist ein erfrischender Begleiter zu den verschiedensten Gerichten sowie ein fruchtiger und gesunder Durstl\u00f6scher f\u00fcr den t\u00e4glichen Gebrauch.<\/p>\n<hr \/>\n<table class=\" cke_show_border\" dir=\"ltr\" border=\"0\" cellspacing=\"0\" cellpadding=\"0\" align=\"left\">\n<tbody>\n<tr>\n<td>Zutaten\/Inhaltsstoffe<\/td>\n<td><\/td>\n<\/tr>\n<tr>\n<td>Charakteristik<\/td>\n<td>traubig-fruchtig mit feins\u00e4uerlicher Note<\/td>\n<\/tr>\n<tr>\n<td>Lagerung<\/td>\n<td>k\u00fchl und dunkel<\/td>\n<\/tr>\n<tr>\n<td>Alkohol<\/td>\n<td><\/td>\n<\/tr>\n<tr>\n<td>Allergene<\/td>\n<td>keine<\/td>\n<\/tr>\n<tr>\n<td>Passt zu<\/td>\n<td>\u00a0verschiedensten Gerichten und als Durstl\u00f6scher f\u00fcr den t\u00e4glichen Gebrauch<\/td>\n<\/tr>\n<\/tbody>\n<\/table>\n<hr \/>\n<hr \/>\n<div class=\"cke_pagebreak\" title=\"Seitenumbruch einf\u00fcgen\" data-cke-display-name=\"pagebreak\" aria-label=\"Seitenumbruch einf\u00fcgen\"><\/div>\n<p><u>\u00dcber den Produzenten<\/u><\/p>\n<p>In der seit 30 Jahren als Familienbetrieb gef\u00fchrten Buschenschank mit wundersch\u00f6ner Aussicht bietet die Familie Pichler steirische Weine und Edelbr\u00e4nde aus dem eigenen Weingut, typisch steirische Spezialit\u00e4ten, frische Obsts\u00e4fte und hausgemachte Mehlspeisen.<\/p>\n<p><u>Fragen zum Produkt<\/u><\/p>\n<p>produkt@thermenbauernladen.at<\/p>\n<p><u>Herkunft<\/u><\/p>\n<p>Inmitten der Oststeiermark und dem Thermenland gelegen, erstreckt sich die 2-Thermenregion Bad Waltersdorf. Die Region ist nicht nur f\u00fcr ihre landschaftliche, sondern auch f\u00fcr ihre kulinarische Vielfalt bekannt. Vom heimischen Obst und Gem\u00fcse bis hin zu Milchprodukten bietet die Region ihren G\u00e4sten zahlreiche Natursch\u00e4tze.<\/p>\n","protected":false},"excerpt":{"rendered":"<p>Fruchtig und resch \u2013 der Saft aus der urtypisch steirischen Rebe<\/p>\n<p>Ein besonderer Fruchtsaft aus der beliebten Blauen Wildbacher-Traube, der mit einem feinen, erfrischenden S\u00e4uregehalt aufwartet<\/p>\n","protected":false},"featured_media":18100,"comment_status":"closed","ping_status":"closed","template":"","meta":[],"product_brand":[],"product_cat":[136,143],"product_tag":[102,104,105,106],"class_list":{"0":"post-19181","1":"product","2":"type-product","3":"status-publish","4":"has-post-thumbnail","6":"product_cat-maluhof","7":"product_cat-saefte-getraenke","8":"product_tag-bad-waltersdorf","9":"product_tag-maluhof","10":"product_tag-maluhof-at","11":"product_tag-wagerberg","13":"first","14":"instock","15":"taxable","16":"shipping-taxable","17":"product-type-simple"},"_links":{"self":[{"href":"https:\/\/www.thermenbauernladen.com\/online\/wp-json\/wp\/v2\/product\/19181","targetHints":{"allow":["GET"]}}],"collection":[{"href":"https:\/\/www.thermenbauernladen.com\/online\/wp-json\/wp\/v2\/product"}],"about":[{"href":"https:\/\/www.thermenbauernladen.com\/online\/wp-json\/wp\/v2\/types\/product"}],"replies":[{"embeddable":true,"href":"https:\/\/www.thermenbauernladen.com\/online\/wp-json\/wp\/v2\/comments?post=19181"}],"wp:featuredmedia":[{"embeddable":true,"href":"https:\/\/www.thermenbauernladen.com\/online\/wp-json\/wp\/v2\/media\/18100"}],"wp:attachment":[{"href":"https:\/\/www.thermenbauernladen.com\/online\/wp-json\/wp\/v2\/media?parent=19181"}],"wp:term":[{"taxonomy":"product_brand","embeddable":true,"href":"https:\/\/www.thermenbauernladen.com\/online\/wp-json\/wp\/v2\/product_brand?post=19181"},{"taxonomy":"product_cat","embeddable":true,"href":"https:\/\/www.thermenbauernladen.com\/online\/wp-json\/wp\/v2\/product_cat?post=19181"},{"taxonomy":"product_tag","embeddable":true,"href":"https:\/\/www.thermenbauernladen.com\/online\/wp-json\/wp\/v2\/product_tag?post=19181"}],"curies":[{"name":"wp","href":"https:\/\/api.w.org\/{rel}","templated":true}]}}