{"id":19246,"date":"2022-05-28T08:09:44","date_gmt":"2022-05-28T06:09:44","guid":{"rendered":"https:\/\/www.thermenbauernladen.com\/online\/?post_type=product&#038;p=19246"},"modified":"2022-05-28T08:09:47","modified_gmt":"2022-05-28T06:09:47","slug":"kraeuter-angesetzt-035l-schalk-ewald-3","status":"publish","type":"product","link":"https:\/\/www.thermenbauernladen.com\/online\/produkt\/kraeuter-angesetzt-035l-schalk-ewald-3\/","title":{"rendered":"Kr\u00e4uter &#8222;angesetzt&#8220; 0,35l &#8211; Schalk Ewald*"},"content":{"rendered":"<p>*Produkt wird auf Rechnung und im Auftrag des Produzenten vermittelt!<br \/>\nKeine Lieferung au\u00dferhalb von \u00d6sterreich<\/p>\n<p>Kr\u00e4uterschn\u00e4pse- und Lik\u00f6re sind in den letzten Jahren in Vergessenheit geraten. Dabei sch\u00e4tzte bereits Hildegard von Bingen die traditionellen Methoden, aus Heilkr\u00e4utern das Beste herauszuholen. Als Basis f\u00fcr den Kr\u00e4uterlik\u00f6r aus dem Hause Schalk dienen getrocknete Kr\u00e4uter, Wurzeln, Fr\u00fcchte und Gew\u00fcrze. Diese werden f\u00fcr l\u00e4ngere Zeit in Alkohol eingelegt und mit Honig verfeinert. Das Ergebnis daraus ist w\u00fcrzig, heilsam und mit einem Hauch von S\u00fc\u00dfe versehen.<\/p>\n<div class=\"single_inside_content\">\n<div><\/div>\n<\/div>\n<p><u>Kulinarischer Tipp<\/u><\/p>\n<p>Die angesetzten Kr\u00e4uter passen\u00a0wunderbar zur regionalen K\u00fcche.<\/p>\n<hr \/>\n<table class=\" cke_show_border\" dir=\"ltr\" border=\"0\" cellspacing=\"0\" cellpadding=\"0\" align=\"left\">\n<tbody>\n<tr>\n<td>Zutaten\/Inhaltsstoffe<\/td>\n<td><\/td>\n<\/tr>\n<tr>\n<td>Charakteristik<\/td>\n<td>Honigfarben; w\u00fczig und leicht s\u00fc\u00dfes Aroma<\/td>\n<\/tr>\n<tr>\n<td>Lagerung<\/td>\n<td>k\u00fchl und dunkel<\/td>\n<\/tr>\n<tr>\n<td>Alkohol<\/td>\n<td>25,00% Vol. Alk.<\/td>\n<\/tr>\n<tr>\n<td>Allergene<\/td>\n<td><\/td>\n<\/tr>\n<tr>\n<td>Passt zu<\/td>\n<td>regionaler K\u00fcche<\/td>\n<\/tr>\n<\/tbody>\n<\/table>\n<hr \/>\n<hr \/>\n<div class=\"cke_pagebreak\" title=\"Seitenumbruch einf\u00fcgen\" contenteditable=\"false\" data-cke-display-name=\"pagebreak\" aria-label=\"Seitenumbruch einf\u00fcgen\"><\/div>\n<p><u>\u00dcber den Produzenten<\/u><\/p>\n<p>In Ewald Schalks Schnapsothek in Bad Waltersdorf findet man \u00fcber 40 Sorten Edelbr\u00e4nde und Lik\u00f6re, die auch in ausf\u00fchrlichen Degustationen vorgestellt werden.<\/p>\n<p><u>Fragen zum Produkt<\/u><\/p>\n<p>produkt@thermenbauernladen.at<\/p>\n<p><u>Herkunft<\/u><\/p>\n<p>Inmitten der Oststeiermark und dem Thermenland gelegen, erstreckt sich die 2-Thermenregion Bad Waltersdorf. Die Region ist nicht nur f\u00fcr ihre landschaftliche, sondern auch f\u00fcr ihre kulinarische Vielfalt bekannt. Vom heimischen Obst und Gem\u00fcse bis hin zu Milchprodukten bietet die Region ihren G\u00e4sten zahlreiche Natursch\u00e4tze.<\/p>\n","protected":false},"excerpt":{"rendered":"<p>W\u00fcrzig und s\u00fc\u00df &#8211; der Lik\u00f6r aus den heilsamen Kr\u00e4utern der 2-Thermenregion<\/p>\n<p>Ein feiner Kr\u00e4uterlik\u00f6r als Begleiter der\u00a0regionalen K\u00fcche und f\u00fcr Zwischendurch<\/p>\n","protected":false},"featured_media":18217,"comment_status":"closed","ping_status":"closed","template":"","meta":[],"product_brand":[],"product_cat":[148],"product_tag":[],"class_list":{"0":"post-19246","1":"product","2":"type-product","3":"status-publish","4":"has-post-thumbnail","6":"product_cat-likoer-vinothek-destillerie","8":"first","9":"instock","10":"taxable","11":"shipping-taxable","12":"product-type-simple"},"_links":{"self":[{"href":"https:\/\/www.thermenbauernladen.com\/online\/wp-json\/wp\/v2\/product\/19246","targetHints":{"allow":["GET"]}}],"collection":[{"href":"https:\/\/www.thermenbauernladen.com\/online\/wp-json\/wp\/v2\/product"}],"about":[{"href":"https:\/\/www.thermenbauernladen.com\/online\/wp-json\/wp\/v2\/types\/product"}],"replies":[{"embeddable":true,"href":"https:\/\/www.thermenbauernladen.com\/online\/wp-json\/wp\/v2\/comments?post=19246"}],"wp:featuredmedia":[{"embeddable":true,"href":"https:\/\/www.thermenbauernladen.com\/online\/wp-json\/wp\/v2\/media\/18217"}],"wp:attachment":[{"href":"https:\/\/www.thermenbauernladen.com\/online\/wp-json\/wp\/v2\/media?parent=19246"}],"wp:term":[{"taxonomy":"product_brand","embeddable":true,"href":"https:\/\/www.thermenbauernladen.com\/online\/wp-json\/wp\/v2\/product_brand?post=19246"},{"taxonomy":"product_cat","embeddable":true,"href":"https:\/\/www.thermenbauernladen.com\/online\/wp-json\/wp\/v2\/product_cat?post=19246"},{"taxonomy":"product_tag","embeddable":true,"href":"https:\/\/www.thermenbauernladen.com\/online\/wp-json\/wp\/v2\/product_tag?post=19246"}],"curies":[{"name":"wp","href":"https:\/\/api.w.org\/{rel}","templated":true}]}}