{"id":19267,"date":"2022-05-28T08:09:50","date_gmt":"2022-05-28T06:09:50","guid":{"rendered":"https:\/\/www.thermenbauernladen.com\/online\/?post_type=product&#038;p=19267"},"modified":"2022-05-28T08:09:52","modified_gmt":"2022-05-28T06:09:52","slug":"hirschbirnmost-075l-naturparkbauernhof-poeltl-3","status":"publish","type":"product","link":"https:\/\/www.thermenbauernladen.com\/online\/produkt\/hirschbirnmost-075l-naturparkbauernhof-poeltl-3\/","title":{"rendered":"Hirschbirnmost 0,75l &#8211; Naturparkbauernhof P\u00f6ltl"},"content":{"rendered":"<p>Die P\u00f6llauer Hirschbirne ist s\u00fc\u00df, sehr aromatisch und einzigartig im Geschmack. Da ist es nicht verwunderlich, dass sie bereits im 17. Jhdt. als ideale Kandidatin f\u00fcr die Herstellung von fruchtigem Most entdeckt wurde.<\/p>\n<p><u>Kulinarischer Tipp<\/u><\/p>\n<p>Genie\u00dfen Sie Ihren Hirschbirn-Most einfach zwischendurch, als Durstl\u00f6scher nach getaner Arbeit, oder auch als g\u2019schmackigen Begleiter zu einer deftigen Brettljause und anderen herzhaften Speisen.<\/p>\n<p>Besonders beliebt ist der Most auch als gem\u00fctliches Getr\u00e4nk beim nachmitt\u00e4glichen oder abendlichen Zusammensitzen und Plaudern. Es muss ja nicht immer Bier oder Wein sein!<\/p>\n<p>Charakteristik: ausgepr\u00e4gtes sortentypisches Birnenaroma; sch\u00f6n eingebundene Gerbstofft\u00f6ne<br \/>\nPasst zu: kalte Jause; herzhafte Speisen wie z. B. Schnitzel, Gulach, Rostbraten<\/p>\n<div class=\"cke_pagebreak\" title=\"Seitenumbruch einf\u00fcgen\" contenteditable=\"false\" data-cke-display-name=\"pagebreak\" aria-label=\"Seitenumbruch einf\u00fcgen\"><\/div>\n<p>\u201eT\u00e4glich 2 Liter Most &#8211; w\u00e4hrend der Ernte 4 Liter f\u00fcr m\u00e4nnliche Arbeiter, die H\u00e4lfte f\u00fcr weibliche &#8230;\u201c<\/p>\n<p>So hei\u00dft es in einer Orts-Chronik der schw\u00e4bischen Alb aus dem 19. Jhdt. Dort war der Most zu dieser Zeit das wichtigste Getr\u00e4nk, weil ihn jedermann aus den g\u00e4ngigen Obstsorten selbst herstellen konnte. Bekannt war der Most aber schon bei den Kelten, die ihn unter anderem zur Verdauungsf\u00f6rderung tranken. Der Birnenmost, auch Birnenwein genannt, ist ein Klassiker. \u00dcblicherweise wird er aus Mostbirnen hergestellt, die weniger s\u00fc\u00df als Tafelbirnen sind, aber einen h\u00f6heren Gerbstoffanteil besitzen. Weil sich die Hirschbirne der S\u00fc\u00dfe einer Tafelbirne erfreut und zugleich einen \u00e4hnlichen Gerbstoffanteil wie die Mostbirne hat, kann aus ihr ein Most ganz besonderer Art gewonnen werden.<\/p>\n<p>Die P\u00f6llauer Hirschbirne ist s\u00fc\u00df, sehr aromatisch und einzigartig im Geschmack. Da ist es nicht verwunderlich, dass sie bereits im 17. Jhdt. als ideale Kandidatin f\u00fcr die Herstellung von fruchtig-s\u00fc\u00dfem Alkohol entdeckt wurde. Unter Kaiserin Maria Theresa lieferten die Bauern der Region die saftige Hirschbirn zur Most- und Schnapserzeugung nach Ungarn und Nieder\u00f6sterreich aus. Heute ist die besondere Birne nicht nur als Most, Cidre, Gelee, Saft, Sekt und Schokolade beliebt, sie ist auch\u00a0Sinnbild f\u00fcr traditionelle Bewirtschaftung, gelebtes Brauchtum und einzigartigen Genuss.<\/p>\n<p>Die Zubereitung von Most ist so anspruchsvoll wie die Herstellung von gutem Wein. F\u00fcr den G\u00e4rungsprozess g\u00f6nnen wir dem frisch gepressten Hirschbirnen-Saft ganze 8 Wochen in unseren G\u00e4rf\u00e4ssern.<\/p>\n<p><u>\u00dcber den Produzenten<\/u><\/p>\n<p>Die Familie P\u00f6ltl produziert f\u00fcr ihren G\u00fctesiegel-Bauernladen in P\u00f6llau neben Hirschbirn-Produkten auch Brot aus dem Holzofen, Selchfleisch, Aufstriche und Wurstwaren. Die Familie wurde mit dem &#8222;Landessieg f\u00fcr den Hirschbirnenbrand&#8220; und drei Mal mit einer<em>\u00a0<\/em>&#8222;Auszeichnung der Bauernladen-Genusspakete&#8220;<em>\u00a0<\/em>geehrt und erhielt das<em>\u00a0<\/em>Qualit\u00e4tsg\u00fctesiegel \u201e4 Blumen\u201c<em>.<\/em><\/p>\n","protected":false},"excerpt":{"rendered":"<p>S\u00fc\u00df und sehr aromatisch &#8211; der beliebte steirische Durstl\u00f6scher<\/p>\n<p>Damit der nat\u00fcrliche Fruchtgenuss im Most enthalten bleibt, werden die Birnen zur idealen Reifezeit von Hand gelesen und danach sorgf\u00e4ltig gewaschen und gepresst.<\/p>\n<p><img decoding=\"async\" src=\"https:\/\/default.shopimore.at\/upload\/obstbau-nuster\/promo\/images\/Auszeichnungen_Nuster_1540455709210.png\" alt=\"\" data-cke-saved-src=\"https:\/\/default.shopimore.at\/upload\/obstbau-nuster\/promo\/images\/Auszeichnungen_Nuster_1540455709210.png\" \/><\/p>\n<p>&nbsp;<\/p>\n","protected":false},"featured_media":18251,"comment_status":"closed","ping_status":"closed","template":"","meta":[],"product_brand":[],"product_cat":[141],"product_tag":[],"class_list":{"0":"post-19267","1":"product","2":"type-product","3":"status-publish","4":"has-post-thumbnail","6":"product_cat-most-cider-getraenke","8":"first","9":"instock","10":"taxable","11":"shipping-taxable","12":"product-type-simple"},"_links":{"self":[{"href":"https:\/\/www.thermenbauernladen.com\/online\/wp-json\/wp\/v2\/product\/19267","targetHints":{"allow":["GET"]}}],"collection":[{"href":"https:\/\/www.thermenbauernladen.com\/online\/wp-json\/wp\/v2\/product"}],"about":[{"href":"https:\/\/www.thermenbauernladen.com\/online\/wp-json\/wp\/v2\/types\/product"}],"replies":[{"embeddable":true,"href":"https:\/\/www.thermenbauernladen.com\/online\/wp-json\/wp\/v2\/comments?post=19267"}],"wp:featuredmedia":[{"embeddable":true,"href":"https:\/\/www.thermenbauernladen.com\/online\/wp-json\/wp\/v2\/media\/18251"}],"wp:attachment":[{"href":"https:\/\/www.thermenbauernladen.com\/online\/wp-json\/wp\/v2\/media?parent=19267"}],"wp:term":[{"taxonomy":"product_brand","embeddable":true,"href":"https:\/\/www.thermenbauernladen.com\/online\/wp-json\/wp\/v2\/product_brand?post=19267"},{"taxonomy":"product_cat","embeddable":true,"href":"https:\/\/www.thermenbauernladen.com\/online\/wp-json\/wp\/v2\/product_cat?post=19267"},{"taxonomy":"product_tag","embeddable":true,"href":"https:\/\/www.thermenbauernladen.com\/online\/wp-json\/wp\/v2\/product_tag?post=19267"}],"curies":[{"name":"wp","href":"https:\/\/api.w.org\/{rel}","templated":true}]}}