{"id":19399,"date":"2022-05-28T08:10:11","date_gmt":"2022-05-28T06:10:11","guid":{"rendered":"https:\/\/www.thermenbauernladen.com\/online\/?post_type=product&#038;p=19399"},"modified":"2022-05-28T08:10:14","modified_gmt":"2022-05-28T06:10:14","slug":"leberaufstrich-200g-hofladen-fiedler-6","status":"publish","type":"product","link":"https:\/\/www.thermenbauernladen.com\/online\/produkt\/leberaufstrich-200g-hofladen-fiedler-6\/","title":{"rendered":"Leberaufstrich 200g &#8211; Hofladen Fiedler"},"content":{"rendered":"<h2>Leberaufstrich 200g &#8211; Hofladen Fiedler<\/h2>\n<p>&nbsp;<\/p>\n<p>Unser g\u2019schmackiger Leberaufstrich wird ausschlie\u00dflich aus dem Fleisch hauseigener Schweine zubereitet. Dabei wird besonders auf Frische wertgelegt, was ein gl\u00fcckliches Dasein der Tiere\u00a0voraussetzt, die sowohl ideal ern\u00e4hrt werden\u00a0als auch genug\u00a0Bewegungsfreiheit genie\u00dfen. Nur so k\u00f6nnen wir f\u00fcr die Frische und Nat\u00fcrlichkeit unserer Produkte sowie die schonende Verarbeitung der Ressourcen garantieren. Damit Sie die Natur auch schmecken k\u00f6nnen!<\/p>\n<p>&nbsp;<\/p>\n<p><u>Kulinarischer Tipp<\/u><\/p>\n<p>&nbsp;<\/p>\n<p>Genie\u00dfen Sie unseren Leberaufstrich zur kalten Jause auf knusprig-saftigem Bauernbrot und lassen Sie sich dazu von einem Glaserl Hirschbirnensaft verw\u00f6hnen.<\/p>\n<p>&nbsp;<\/p>\n<hr \/>\n<p>&nbsp;<\/p>\n<table dir=\"ltr\" border=\"0\" cellspacing=\"0\" cellpadding=\"0\" align=\"left\">\n<tbody>\n<tr>\n<td>Zutaten\/Inhaltsstoffe<\/td>\n<td><\/td>\n<\/tr>\n<tr>\n<td>Charakteristik<\/td>\n<td>w\u00fcrzig, rauchig<\/td>\n<\/tr>\n<tr>\n<td>Lagerung<\/td>\n<td>k\u00fchl und dunkel<\/td>\n<\/tr>\n<tr>\n<td>Alkohol<\/td>\n<td>keiner<\/td>\n<\/tr>\n<tr>\n<td>Allergene<\/td>\n<td><\/td>\n<\/tr>\n<tr>\n<td>Passt zu<\/td>\n<td>Bauernbrot<\/td>\n<\/tr>\n<\/tbody>\n<\/table>\n<hr \/>\n<p>&nbsp;<\/p>\n<hr \/>\n<p>&nbsp;<\/p>\n<div><\/div>\n<p>&nbsp;<\/p>\n<p><u>\u00dcber den Produzenten<\/u><\/p>\n<p>Der Hofladen der Familie Fiedler ist ein mit dem AMA-G\u00fctesiegel und dem Etikett \u201eGutes vom Bauernhof\u201c bewerteter und mehrfach pr\u00e4mierter Familienbetrieb, in dem ausschlie\u00dflich selbst produzierte Produkte angeboten werden.<\/p>\n<p>&nbsp;<\/p>\n<p><u>Fragen zum Produkt<\/u><\/p>\n<p>produkt@thermenbauernladen.at<\/p>\n<p>&nbsp;<\/p>\n<p><u>Herkunft<\/u><\/p>\n<p>Inmitten der Oststeiermark und dem Thermenland gelegen, erstreckt sich die 2-Thermenregion Bad Waltersdorf. Die Region ist nicht nur f\u00fcr ihre landschaftliche, sondern auch f\u00fcr ihre kulinarische Vielfalt bekannt. Vom heimischen Obst und Gem\u00fcse bis hin zu Milchprodukten bietet die Region ihren G\u00e4sten zahlreiche Natursch\u00e4tze.<\/p>\n","protected":false},"excerpt":{"rendered":"<div class=\"product-short-description\">\n<p>Klassisch und schmackhaft \u2013 der\u00a0Aufstrich f\u00fcr die steirische Brettljause<\/p>\n<p>Ein herzhafter Aufstrich aus dem Besten vom Schwein, der eine Bereicherung f\u00fcr jede kalte Jause darstellt<\/p>\n<\/div>\n","protected":false},"featured_media":18373,"comment_status":"closed","ping_status":"closed","template":"","meta":[],"product_brand":[],"product_cat":[130],"product_tag":[],"class_list":{"0":"post-19399","1":"product","2":"type-product","3":"status-publish","4":"has-post-thumbnail","6":"product_cat-aufstriche-fleisch-kulinarik","8":"first","9":"instock","10":"taxable","11":"shipping-taxable","12":"product-type-simple"},"_links":{"self":[{"href":"https:\/\/www.thermenbauernladen.com\/online\/wp-json\/wp\/v2\/product\/19399","targetHints":{"allow":["GET"]}}],"collection":[{"href":"https:\/\/www.thermenbauernladen.com\/online\/wp-json\/wp\/v2\/product"}],"about":[{"href":"https:\/\/www.thermenbauernladen.com\/online\/wp-json\/wp\/v2\/types\/product"}],"replies":[{"embeddable":true,"href":"https:\/\/www.thermenbauernladen.com\/online\/wp-json\/wp\/v2\/comments?post=19399"}],"wp:featuredmedia":[{"embeddable":true,"href":"https:\/\/www.thermenbauernladen.com\/online\/wp-json\/wp\/v2\/media\/18373"}],"wp:attachment":[{"href":"https:\/\/www.thermenbauernladen.com\/online\/wp-json\/wp\/v2\/media?parent=19399"}],"wp:term":[{"taxonomy":"product_brand","embeddable":true,"href":"https:\/\/www.thermenbauernladen.com\/online\/wp-json\/wp\/v2\/product_brand?post=19399"},{"taxonomy":"product_cat","embeddable":true,"href":"https:\/\/www.thermenbauernladen.com\/online\/wp-json\/wp\/v2\/product_cat?post=19399"},{"taxonomy":"product_tag","embeddable":true,"href":"https:\/\/www.thermenbauernladen.com\/online\/wp-json\/wp\/v2\/product_tag?post=19399"}],"curies":[{"name":"wp","href":"https:\/\/api.w.org\/{rel}","templated":true}]}}