{"id":19435,"date":"2022-05-28T08:10:17","date_gmt":"2022-05-28T06:10:17","guid":{"rendered":"https:\/\/www.thermenbauernladen.com\/online\/?post_type=product&#038;p=19435"},"modified":"2022-05-28T08:10:20","modified_gmt":"2022-05-28T06:10:20","slug":"weissburgunder-075l-weinhof-pichler-3","status":"publish","type":"product","link":"https:\/\/www.thermenbauernladen.com\/online\/produkt\/weissburgunder-075l-weinhof-pichler-3\/","title":{"rendered":"Wei\u00dfburgunder 0,75l &#8211; Weinhof Pichler"},"content":{"rendered":"<h2>Wei\u00dfburgunder 0,75l &#8211; Weinhof Pichler<\/h2>\n<p>Ein sehr anmutendes klares Strohgelb mit Gr\u00fcnreflexen. Aus dem Glas steigt ein ausdrucksvoller, eleganter Duft nach Quitten, Melonen, Ananas gepaart mit feinen dezenten Nussnuancen und zarter floraler W\u00fcrze. Am Gaumen vermittelt dieser Weissburgunder als w\u00fcrde mann einen Fr\u00fcchtecocktail zu sich nehmen. Vielschichtige Fruchtnuancen begleitet von einer feinen vegetalen W\u00fcrze und integrierter harmonischen S\u00e4ure.<\/p>\n<p>SPEISENEMPFELUNG:<br \/>\nEin Wein der hochwertige kalte Speisen und helle gebratene Fleischgerichte mit feinen Saucen sehr gut begleitet.<\/p>\n<p>Lage: Wolfegg\/ Sauberg\/ Blumauberg<br \/>\nVinifikation: Verg\u00e4rung und Lagerung im Stahltank<br \/>\nTrinktemperatur: 12-14\u00b0C<br \/>\nTrinkreife : ab sofort<br \/>\nCharakteristik: trocken<\/p>\n<p>Alkoholgehalt: 12,50% Vol. Alk.<br \/>\nRestzucker: 2,40 g\/l RZ<br \/>\nS\u00e4uregehalt: 5,40 g\/l tbS<br \/>\nFlaschengr\u00f6\u00dfe: 0,75 l<\/p>\n<p>&nbsp;<\/p>\n<p><u>\u00dcber den Produzenten<\/u><\/p>\n<p>Der Weinhof Pichler hat seine Wurzeln im b\u00e4uerlichen Familienunternehmen, das seit Generationen in Leitersdorf besteht. Auf rund zw\u00f6lf Hektar wachsen die Trauben des Betriebs, die, zu verschiedenen Sorten edler Tropfen verarbeitet, auch Kenner \u00fcberzeugen. Der Schwerpunkt des Weinhofs liegt vor allem bei klassisch-trockenen Weinen.<\/p>\n<p>&nbsp;<\/p>\n<p>Fragen zum Produkt<\/p>\n<p>produkt@thermenbauernladen.at<\/p>\n<p>&nbsp;<\/p>\n<p><u>Herkunft<\/u><\/p>\n<p>Inmitten der Oststeiermark und dem Thermenland gelegen, erstreckt sich die 2-Thermenregion Bad Waltersdorf. Die Region ist nicht nur f\u00fcr ihre landschaftliche, sondern auch f\u00fcr ihre kulinarische Vielfalt bekannt. Vom heimischen Obst und Gem\u00fcse bis hin zu Milchprodukten bietet die Region ihren G\u00e4sten zahlreiche Natursch\u00e4tze.<\/p>\n","protected":false},"excerpt":{"rendered":"<p>Wei\u00dfburgunder 0,75l &#8211; Weinhof Pichler<\/p>\n","protected":false},"featured_media":18444,"comment_status":"closed","ping_status":"closed","template":"","meta":[],"product_brand":[],"product_cat":[138,139],"product_tag":[],"class_list":{"0":"post-19435","1":"product","2":"type-product","3":"status-publish","4":"has-post-thumbnail","6":"product_cat-wein-vinothek-destillerie","7":"product_cat-weisswein-wein-vinothek-destillerie","9":"first","10":"instock","11":"taxable","12":"shipping-taxable","13":"product-type-simple"},"_links":{"self":[{"href":"https:\/\/www.thermenbauernladen.com\/online\/wp-json\/wp\/v2\/product\/19435","targetHints":{"allow":["GET"]}}],"collection":[{"href":"https:\/\/www.thermenbauernladen.com\/online\/wp-json\/wp\/v2\/product"}],"about":[{"href":"https:\/\/www.thermenbauernladen.com\/online\/wp-json\/wp\/v2\/types\/product"}],"replies":[{"embeddable":true,"href":"https:\/\/www.thermenbauernladen.com\/online\/wp-json\/wp\/v2\/comments?post=19435"}],"wp:featuredmedia":[{"embeddable":true,"href":"https:\/\/www.thermenbauernladen.com\/online\/wp-json\/wp\/v2\/media\/18444"}],"wp:attachment":[{"href":"https:\/\/www.thermenbauernladen.com\/online\/wp-json\/wp\/v2\/media?parent=19435"}],"wp:term":[{"taxonomy":"product_brand","embeddable":true,"href":"https:\/\/www.thermenbauernladen.com\/online\/wp-json\/wp\/v2\/product_brand?post=19435"},{"taxonomy":"product_cat","embeddable":true,"href":"https:\/\/www.thermenbauernladen.com\/online\/wp-json\/wp\/v2\/product_cat?post=19435"},{"taxonomy":"product_tag","embeddable":true,"href":"https:\/\/www.thermenbauernladen.com\/online\/wp-json\/wp\/v2\/product_tag?post=19435"}],"curies":[{"name":"wp","href":"https:\/\/api.w.org\/{rel}","templated":true}]}}