{"id":19441,"date":"2022-05-28T08:10:18","date_gmt":"2022-05-28T06:10:18","guid":{"rendered":"https:\/\/www.thermenbauernladen.com\/online\/?post_type=product&#038;p=19441"},"modified":"2022-05-28T08:10:21","modified_gmt":"2022-05-28T06:10:21","slug":"gelber-muskateller-075l-weingut-glatz-3","status":"publish","type":"product","link":"https:\/\/www.thermenbauernladen.com\/online\/produkt\/gelber-muskateller-075l-weingut-glatz-3\/","title":{"rendered":"Gelber Muskateller 0,75l &#8211; Weingut Glatz"},"content":{"rendered":"<h2>Gelber Muskateller 0,75l &#8211; Weingut Glatz<\/h2>\n<p>Der\u00a0Muskateller weist ein herrliches Aromaspiel aus\u00a0s\u00fc\u00dfem Pfirsich, bl\u00fchendem Holunder und graziler Champagner-Birne auf.\u00a0Mit dem fruchtigen Genuss geht ein traubiges Muskatbukett mit einem\u00a0feinw\u00fcrzigen S\u00e4urespiel einher.<\/p>\n<p>Bei uns in der 2-Thermenregion gedeiht die angeblich \u00e4lteste Rebsorte des Muskateller pr\u00e4chtig. Nach ein bis zwei Jahren Lagerung zeigt sich der Muskateller von seiner besten Seite und darf bereits auf einige ber\u00fchmte Liebhaber zur\u00fcckblicken, darunter Kaiser Karl der Gro\u00dfe und Kaiser Friedrich Barbarossa.<\/p>\n<p>&nbsp;<\/p>\n<p><u>Kulinarischer Tipp<\/u><\/p>\n<p>&nbsp;<\/p>\n<p>Schmeckt wunderbar zu allen Sorten von K\u00e4se, Wei\u00dfbrot und Fischgerichten.<\/p>\n<p>&nbsp;<\/p>\n<p>&nbsp;<\/p>\n<hr \/>\n<p>&nbsp;<\/p>\n<table dir=\"ltr\" border=\"0\" cellspacing=\"0\" cellpadding=\"0\" align=\"left\">\n<tbody>\n<tr>\n<td>Charakteristik<\/td>\n<td>fruchtig, muskatig; mit einem Hauch von Holunder und Zitrusfr\u00fcchten<\/td>\n<\/tr>\n<tr>\n<td>Vinifikation<\/td>\n<td>10 Stunden Maischstandzeit; vergoren im Stahltank; klassisch steirisch ausgebaut<\/td>\n<\/tr>\n<tr>\n<td>Trinktemperatur<\/td>\n<td>10-12\u00b0C<\/td>\n<\/tr>\n<tr>\n<td>Lage<\/td>\n<td><\/td>\n<\/tr>\n<tr>\n<td>Alkoholgehalt<\/td>\n<td>11,5% Vol. Alk.<\/td>\n<\/tr>\n<tr>\n<td>Passt zu<\/td>\n<td>allen Sorten von K\u00e4se, Wei\u00dfbrot und Fischgerichten<\/td>\n<\/tr>\n<\/tbody>\n<\/table>\n<hr \/>\n<p>&nbsp;<\/p>\n<hr \/>\n<p>&nbsp;<\/p>\n<div><\/div>\n<p>&nbsp;<\/p>\n<p><u>\u00dcber den Produzenten<\/u><\/p>\n<p>~~1969 legten Karl und Anna Glatz den Grundstein f\u00fcr das heutige Weingut. Der damals seiner Zeit weit vorausdenkende Winzer errichtete einen f\u00fcr die Oststeiermark typischen Vierkanthof, der auch heute noch der Hauptsitz ist. Die Enkelin Katharina Glatz \u00fcbernahm das Weingut 1989 und baute es mit ihrem Lebensgef\u00e4hrten Karl N\u00f6hrer zur heutigen Gr\u00f6\u00dfe aus.<\/p>\n<p>&nbsp;<\/p>\n<p><u>Fragen zum Produkt<\/u><\/p>\n<p>produkt@thermenbauernladen.at<\/p>\n<p>&nbsp;<\/p>\n<p><u>Herkunft<\/u><\/p>\n<p>Inmitten der Oststeiermark und dem Thermenland gelegen, erstreckt sich die 2-Thermenregion Bad Waltersdorf. Die Region ist nicht nur f\u00fcr ihre landschaftliche, sondern auch f\u00fcr ihre kulinarische Vielfalt bekannt. Vom heimischen Obst und Gem\u00fcse bis hin zu Milchprodukten bietet die Region ihren G\u00e4sten zahlreiche Natursch\u00e4tze.<\/p>\n","protected":false},"excerpt":{"rendered":"<p>Pfirsichs\u00fc\u00df und muskatig &#8211; der Muskateller vom\u00a0preisgekr\u00f6nten Weingut Glatz<\/p>\n<p>Ein fruchtig-s\u00fc\u00dfer Wei\u00dfwein aus einer der \u00e4ltesten Rebsorten der Steiermark, der besonders gut mit verschiedenen Sorten von K\u00e4se harmoniert<\/p>\n","protected":false},"featured_media":18483,"comment_status":"closed","ping_status":"closed","template":"","meta":[],"product_brand":[],"product_cat":[139],"product_tag":[],"class_list":{"0":"post-19441","1":"product","2":"type-product","3":"status-publish","4":"has-post-thumbnail","6":"product_cat-weisswein-wein-vinothek-destillerie","8":"first","9":"instock","10":"taxable","11":"shipping-taxable","12":"product-type-simple"},"_links":{"self":[{"href":"https:\/\/www.thermenbauernladen.com\/online\/wp-json\/wp\/v2\/product\/19441","targetHints":{"allow":["GET"]}}],"collection":[{"href":"https:\/\/www.thermenbauernladen.com\/online\/wp-json\/wp\/v2\/product"}],"about":[{"href":"https:\/\/www.thermenbauernladen.com\/online\/wp-json\/wp\/v2\/types\/product"}],"replies":[{"embeddable":true,"href":"https:\/\/www.thermenbauernladen.com\/online\/wp-json\/wp\/v2\/comments?post=19441"}],"wp:featuredmedia":[{"embeddable":true,"href":"https:\/\/www.thermenbauernladen.com\/online\/wp-json\/wp\/v2\/media\/18483"}],"wp:attachment":[{"href":"https:\/\/www.thermenbauernladen.com\/online\/wp-json\/wp\/v2\/media?parent=19441"}],"wp:term":[{"taxonomy":"product_brand","embeddable":true,"href":"https:\/\/www.thermenbauernladen.com\/online\/wp-json\/wp\/v2\/product_brand?post=19441"},{"taxonomy":"product_cat","embeddable":true,"href":"https:\/\/www.thermenbauernladen.com\/online\/wp-json\/wp\/v2\/product_cat?post=19441"},{"taxonomy":"product_tag","embeddable":true,"href":"https:\/\/www.thermenbauernladen.com\/online\/wp-json\/wp\/v2\/product_tag?post=19441"}],"curies":[{"name":"wp","href":"https:\/\/api.w.org\/{rel}","templated":true}]}}