{"id":19442,"date":"2022-05-28T08:10:26","date_gmt":"2022-05-28T06:10:26","guid":{"rendered":"https:\/\/www.thermenbauernladen.com\/online\/?post_type=product&#038;p=19442"},"modified":"2022-05-28T08:10:28","modified_gmt":"2022-05-28T06:10:28","slug":"muskateller-075l-weinhof-pichler-3","status":"publish","type":"product","link":"https:\/\/www.thermenbauernladen.com\/online\/produkt\/muskateller-075l-weinhof-pichler-3\/","title":{"rendered":"Muskateller 0,75l &#8211; Weinhof Pichler"},"content":{"rendered":"<h2>Muskateller 0,75l &#8211; Weinhof Pichler<\/h2>\n<p>Bei einer Temperatur von 8 bis 12 Grad schmeckt der Muskateller wunderbar lieblich und typisch muskatig mit einem Hauch von Holunderbl\u00fcten, Zitrusfr\u00fcchten und vegetal-w\u00fcrzigen Nuancen am Gaumen. Bei uns in der 2-Thermenregion gedeiht die angeblich \u00e4lteste Rebsorte pr\u00e4chtig. Nach ein bis zwei Jahren Lagerung zeigt sich der Muskateller von seiner besten Seite und darf bereits auf einige ber\u00fchmte Liebhaber zur\u00fcckblicken, darunter Kaiser Karl der Gro\u00dfe und Kaiser Friedrich Barbarossa.<\/p>\n<p>&nbsp;<\/p>\n<p><u>Kulinarischer Tipp<\/u><\/p>\n<p>&nbsp;<\/p>\n<p>Schmeckt wunderbar zu allen Sorten von K\u00e4se, Wei\u00dfbrot und Fischgerichten.<\/p>\n<p>&nbsp;<\/p>\n<p>&nbsp;<\/p>\n<hr \/>\n<p>&nbsp;<\/p>\n<table dir=\"ltr\" border=\"0\" cellspacing=\"0\" cellpadding=\"0\" align=\"left\">\n<tbody>\n<tr>\n<td>Charakteristik<\/td>\n<td>fruchtig, muskatig; mit einem Hauch von Holunder und Zitrusfr\u00fcchten<\/td>\n<\/tr>\n<tr>\n<td>Vinifikation<\/td>\n<td>Verg\u00e4rung und Lagerung im Stahltank<\/td>\n<\/tr>\n<tr>\n<td>Trinktemperatur<\/td>\n<td>10-12\u00b0C<\/td>\n<\/tr>\n<tr>\n<td>Lage<\/td>\n<td><\/td>\n<\/tr>\n<tr>\n<td>Alkoholgehalt<\/td>\n<td>12,00% Vol. Alk.<\/td>\n<\/tr>\n<tr>\n<td>Passt zu<\/td>\n<td>allen Sorten von K\u00e4se, Wei\u00dfbrot und Fischgerichten<\/td>\n<\/tr>\n<\/tbody>\n<\/table>\n<hr \/>\n<p>&nbsp;<\/p>\n<hr \/>\n<p>&nbsp;<\/p>\n<div><\/div>\n<p>&nbsp;<\/p>\n<p><u>\u00dcber den Produzenten<\/u><\/p>\n<p>Der Weinhof Pichler hat seine Wurzeln im b\u00e4uerlichen Familienunternehmen, das seit Generationen in Leitersdorf besteht. Auf rund zw\u00f6lf Hektar wachsen die Trauben des Betriebs, die, zu verschiedenen Sorten edler Tropfen verarbeitet, auch Kenner \u00fcberzeugen. Der Schwerpunkt des Weinhofs liegt vor allem bei klassisch-trockenen Weinen.<\/p>\n<p>&nbsp;<\/p>\n<p><u>Fragen zum Produkt<\/u><\/p>\n<p>produkt@thermenbauernladen.at<\/p>\n<p>&nbsp;<\/p>\n<p><u>Herkunft<\/u><\/p>\n<p>Inmitten der Oststeiermark und dem Thermenland gelegen, erstreckt sich die 2-Thermenregion Bad Waltersdorf. Die Region ist nicht nur f\u00fcr ihre landschaftliche, sondern auch f\u00fcr ihre kulinarische Vielfalt bekannt. Vom heimischen Obst und Gem\u00fcse bis hin zu Milchprodukten bietet die Region ihren G\u00e4sten zahlreiche Natursch\u00e4tze.<\/p>\n<div class=\"product-review\"><\/div>\n","protected":false},"excerpt":{"rendered":"<p>Holunderfrisch und fruchtig \u2013 der beliebte Wei\u00dfe aus der 2-Thermenregion<\/p>\n<p>Ein junger und vielschichtiger Wein\u00a0mit sch\u00f6ner, klarer, hellgr\u00fcn bis blassgelber Farbe und dem Duft nach Holundersirup, Zitrusfr\u00fcchten und bl\u00fchenden Wiesenkr\u00e4utern.<\/p>\n","protected":false},"featured_media":18485,"comment_status":"closed","ping_status":"closed","template":"","meta":[],"product_brand":[],"product_cat":[139],"product_tag":[],"class_list":{"0":"post-19442","1":"product","2":"type-product","3":"status-publish","4":"has-post-thumbnail","6":"product_cat-weisswein-wein-vinothek-destillerie","8":"first","9":"instock","10":"taxable","11":"shipping-taxable","12":"product-type-simple"},"_links":{"self":[{"href":"https:\/\/www.thermenbauernladen.com\/online\/wp-json\/wp\/v2\/product\/19442","targetHints":{"allow":["GET"]}}],"collection":[{"href":"https:\/\/www.thermenbauernladen.com\/online\/wp-json\/wp\/v2\/product"}],"about":[{"href":"https:\/\/www.thermenbauernladen.com\/online\/wp-json\/wp\/v2\/types\/product"}],"replies":[{"embeddable":true,"href":"https:\/\/www.thermenbauernladen.com\/online\/wp-json\/wp\/v2\/comments?post=19442"}],"wp:featuredmedia":[{"embeddable":true,"href":"https:\/\/www.thermenbauernladen.com\/online\/wp-json\/wp\/v2\/media\/18485"}],"wp:attachment":[{"href":"https:\/\/www.thermenbauernladen.com\/online\/wp-json\/wp\/v2\/media?parent=19442"}],"wp:term":[{"taxonomy":"product_brand","embeddable":true,"href":"https:\/\/www.thermenbauernladen.com\/online\/wp-json\/wp\/v2\/product_brand?post=19442"},{"taxonomy":"product_cat","embeddable":true,"href":"https:\/\/www.thermenbauernladen.com\/online\/wp-json\/wp\/v2\/product_cat?post=19442"},{"taxonomy":"product_tag","embeddable":true,"href":"https:\/\/www.thermenbauernladen.com\/online\/wp-json\/wp\/v2\/product_tag?post=19442"}],"curies":[{"name":"wp","href":"https:\/\/api.w.org\/{rel}","templated":true}]}}