{"id":19443,"date":"2022-05-28T08:10:26","date_gmt":"2022-05-28T06:10:26","guid":{"rendered":"https:\/\/www.thermenbauernladen.com\/online\/?post_type=product&#038;p=19443"},"modified":"2022-05-28T08:10:28","modified_gmt":"2022-05-28T06:10:28","slug":"sauvignon-blanc-075l-maluhof-5","status":"publish","type":"product","link":"https:\/\/www.thermenbauernladen.com\/online\/produkt\/sauvignon-blanc-075l-maluhof-5\/","title":{"rendered":"Sauvignon Blanc 0,75l &#8211; Maluhof"},"content":{"rendered":"<h2>Sauvignon Blanc 0,75l &#8211; Pichler Buschenschank<\/h2>\n<p>&nbsp;<\/p>\n<p>Die feine S\u00e4urenote und der blumig-fruchtige Touch des Sauvignon ergeben ein wunderbar harmonisches Geschmackserlebnis, das sich am besten bei einer Trinktemperatur von\u00a0 12\u00b0 bis 14\u00b0C genie\u00dfen l\u00e4sst. Sein charakteristisches Bukett mit dem feinen Aroma nach Stachelbeeren und tropischen Fr\u00fcchten d\u00fcrfte bereits Erzherzog Johann imponiert haben, der den Sauvignon Blanc im 19. Jahrhundert unter dem Namen \u201eMuskat-Sylvaner\u201c einf\u00fchrte. Mit dem Muskateller oder einem Sylvaner hat der fruchtige Wei\u00dfe allerdings nichts gemein, sodass die Bezeichnung heute untersagt ist.<\/p>\n<p>&nbsp;<\/p>\n<p><u>Kulinarischer Tipp<\/u><\/p>\n<p>&nbsp;<\/p>\n<p>Schmeckt hervorragend zu Fisch, Meeresfr\u00fcchte, Gefl\u00fcgel, Salaten, S\u00fc\u00dfspeisen.<\/p>\n<p>&nbsp;<\/p>\n<hr \/>\n<p>&nbsp;<\/p>\n<table dir=\"ltr\" border=\"0\" cellspacing=\"0\" cellpadding=\"0\" align=\"left\">\n<tbody>\n<tr>\n<td>Charakteristik<\/td>\n<td>fruchtig-feines Aroma nach Stachelbeeren; klares Strohgelb<\/td>\n<\/tr>\n<tr>\n<td>Vinifikation<\/td>\n<td><\/td>\n<\/tr>\n<tr>\n<td>Trinktemperatur<\/td>\n<td>12-14\u00b0C<\/td>\n<\/tr>\n<tr>\n<td>Lage<\/td>\n<td><\/td>\n<\/tr>\n<tr>\n<td>Alkoholgehalt<\/td>\n<td>12,00% Vol. Alk.<\/td>\n<\/tr>\n<tr>\n<td>Passt zu<\/td>\n<td>Fisch, Meeresfr\u00fcchte, Gefl\u00fcgel, Salaten, S\u00fc\u00dfspeisen<\/td>\n<\/tr>\n<\/tbody>\n<\/table>\n<hr \/>\n<p>&nbsp;<\/p>\n<hr \/>\n<p>&nbsp;<\/p>\n<div><\/div>\n<p>&nbsp;<\/p>\n<p><u>\u00dcber den Produzenten<\/u><\/p>\n<p>In der seit 30 Jahren als Familienbetrieb gef\u00fchrten Buschenschank mit wundersch\u00f6ner Aussicht bietet die Familie Pichler steirische Weine und Edelbr\u00e4nde aus dem eigenen Weingut, typisch steirische Spezialit\u00e4ten, frische Obsts\u00e4fte und hausgemachte Mehlspeisen an.<\/p>\n<p>&nbsp;<\/p>\n<p><u>Fragen zum Produkt<\/u><\/p>\n<p>produkt@thermenbauernladen.at<\/p>\n<p>&nbsp;<\/p>\n<p><u>Herkunft<\/u><\/p>\n<p>Inmitten der Oststeiermark und dem Thermenland gelegen, erstreckt sich die 2-Thermenregion Bad Waltersdorf. Die Region ist nicht nur f\u00fcr ihre landschaftliche, sondern auch f\u00fcr ihre kulinarische Vielfalt bekannt. Vom heimischen Obst und Gem\u00fcse bis hin zu Milchprodukten bietet die Region ihren G\u00e4sten zahlreiche Natursch\u00e4tze.<\/p>\n","protected":false},"excerpt":{"rendered":"<p>Frisch, fruchtig, klassisch \u2013 der Shooting Star unter den steirischen Weinen<\/p>\n<p>Ein typisch steirischer, fruchtbetonter Wein mit einem Hauch von tropischem Aroma<\/p>\n","protected":false},"featured_media":18486,"comment_status":"closed","ping_status":"closed","template":"","meta":[],"product_brand":[],"product_cat":[139],"product_tag":[],"class_list":{"0":"post-19443","1":"product","2":"type-product","3":"status-publish","4":"has-post-thumbnail","6":"product_cat-weisswein-wein-vinothek-destillerie","8":"first","9":"instock","10":"taxable","11":"shipping-taxable","12":"product-type-simple"},"_links":{"self":[{"href":"https:\/\/www.thermenbauernladen.com\/online\/wp-json\/wp\/v2\/product\/19443","targetHints":{"allow":["GET"]}}],"collection":[{"href":"https:\/\/www.thermenbauernladen.com\/online\/wp-json\/wp\/v2\/product"}],"about":[{"href":"https:\/\/www.thermenbauernladen.com\/online\/wp-json\/wp\/v2\/types\/product"}],"replies":[{"embeddable":true,"href":"https:\/\/www.thermenbauernladen.com\/online\/wp-json\/wp\/v2\/comments?post=19443"}],"wp:featuredmedia":[{"embeddable":true,"href":"https:\/\/www.thermenbauernladen.com\/online\/wp-json\/wp\/v2\/media\/18486"}],"wp:attachment":[{"href":"https:\/\/www.thermenbauernladen.com\/online\/wp-json\/wp\/v2\/media?parent=19443"}],"wp:term":[{"taxonomy":"product_brand","embeddable":true,"href":"https:\/\/www.thermenbauernladen.com\/online\/wp-json\/wp\/v2\/product_brand?post=19443"},{"taxonomy":"product_cat","embeddable":true,"href":"https:\/\/www.thermenbauernladen.com\/online\/wp-json\/wp\/v2\/product_cat?post=19443"},{"taxonomy":"product_tag","embeddable":true,"href":"https:\/\/www.thermenbauernladen.com\/online\/wp-json\/wp\/v2\/product_tag?post=19443"}],"curies":[{"name":"wp","href":"https:\/\/api.w.org\/{rel}","templated":true}]}}