{"id":19459,"date":"2022-05-28T08:10:27","date_gmt":"2022-05-28T06:10:27","guid":{"rendered":"https:\/\/www.thermenbauernladen.com\/online\/?post_type=product&#038;p=19459"},"modified":"2022-05-28T08:10:30","modified_gmt":"2022-05-28T06:10:30","slug":"heckenperle-frizzante-075l-weinhof-pichler-3","status":"publish","type":"product","link":"https:\/\/www.thermenbauernladen.com\/online\/produkt\/heckenperle-frizzante-075l-weinhof-pichler-3\/","title":{"rendered":"Heckenperle Frizzante 0,75l &#8211; Weinhof Pichler"},"content":{"rendered":"<h2>Heckenperle Frizzante 0,75l &#8211; Weinhof Pichler<\/h2>\n<p>Der belebende Geschmack nach Walderdbeeren umgarnt von einem w\u00fcrzigen Kr\u00e4uteraroma ist ein beliebtes Zwischengetr\u00e4nk bei Partys und Festivit\u00e4ten. Besonders prickelnd und beerig schmeckt er bei einer Temperatur von 10\u00b0 bis 12\u00b0C.<\/p>\n<p>&nbsp;<\/p>\n<p><u>Kulinarischer Tipp<\/u><\/p>\n<p>&nbsp;<\/p>\n<p>Ein feiner Begleiter zum Brunch,\u00a0der auch sehr gut mit\u00a0Fisch und Kaviar harmoniert und sich gut zum Zwischendurch-Genie\u00dfen eignet.<\/p>\n<p>&nbsp;<\/p>\n<hr \/>\n<p>&nbsp;<\/p>\n<table dir=\"ltr\" border=\"0\" cellspacing=\"0\" cellpadding=\"0\" align=\"left\">\n<tbody>\n<tr>\n<td>Charakteristik<\/td>\n<td>trocken, spritzig, beerig<\/td>\n<\/tr>\n<tr>\n<td>Vinifikation<\/td>\n<td><\/td>\n<\/tr>\n<tr>\n<td>Trinktemperatur<\/td>\n<td>10-12\u00b0C<\/td>\n<\/tr>\n<tr>\n<td>Lage<\/td>\n<td><\/td>\n<\/tr>\n<tr>\n<td>Alkoholgehalt<\/td>\n<td><\/td>\n<\/tr>\n<tr>\n<td>Passt zu<\/td>\n<td>Fisch, Kaviar<\/td>\n<\/tr>\n<\/tbody>\n<\/table>\n<hr \/>\n<p>&nbsp;<\/p>\n<hr \/>\n<p>&nbsp;<\/p>\n<div><\/div>\n<p>&nbsp;<\/p>\n<p><u>\u00dcber den Produzenten<\/u><\/p>\n<p>Unser Betrieb hat seine Wurzeln im b\u00e4uerlichen Familienunternehmen, das seit Generationen in Leitersdorf besteht. Auf rund zw\u00f6lf Hektar wachsen unserer Trauben, die zu verschiedenen Sorten edler Tropfen verarbeitet, auch Kenner \u00fcberzeugen. Unser Schwerpunkt liegt vor allem bei klassisch-trockenen Weinen.<\/p>\n<p>&nbsp;<\/p>\n<p><u>Fragen zum Produkt<\/u><\/p>\n<p>produkt@thermenbauernladen.at<\/p>\n<p>&nbsp;<\/p>\n<p><u>Herkunft<\/u><\/p>\n<p>Inmitten der Oststeiermark und dem Thermenland gelegen, erstreckt sich die 2-Thermenregion Bad Waltersdorf. Die Region ist nicht nur f\u00fcr ihre landschaftliche, sondern auch f\u00fcr ihre kulinarische Vielfalt bekannt. Vom heimischen Obst und Gem\u00fcse bis hin zu Milchprodukten bietet die Region ihren G\u00e4sten zahlreiche Natursch\u00e4tze.<\/p>\n","protected":false},"excerpt":{"rendered":"<p>Rot und spritzig \u2013 der prickelnde Frizzante aus der 2-Thermenregion<\/p>\n<p>Ein erfrischender, halbsch\u00e4umender Perlwein mit kr\u00e4ftiger erdbeerrosa Farbe und feinem, lange anhaltendem Beeren-Aroma<\/p>\n","protected":false},"featured_media":18507,"comment_status":"closed","ping_status":"closed","template":"","meta":[],"product_brand":[],"product_cat":[142],"product_tag":[],"class_list":{"0":"post-19459","1":"product","2":"type-product","3":"status-publish","4":"has-post-thumbnail","6":"product_cat-frizzante-secco-wein-vinothek-destillerie","8":"first","9":"instock","10":"taxable","11":"shipping-taxable","12":"product-type-simple"},"_links":{"self":[{"href":"https:\/\/www.thermenbauernladen.com\/online\/wp-json\/wp\/v2\/product\/19459","targetHints":{"allow":["GET"]}}],"collection":[{"href":"https:\/\/www.thermenbauernladen.com\/online\/wp-json\/wp\/v2\/product"}],"about":[{"href":"https:\/\/www.thermenbauernladen.com\/online\/wp-json\/wp\/v2\/types\/product"}],"replies":[{"embeddable":true,"href":"https:\/\/www.thermenbauernladen.com\/online\/wp-json\/wp\/v2\/comments?post=19459"}],"wp:featuredmedia":[{"embeddable":true,"href":"https:\/\/www.thermenbauernladen.com\/online\/wp-json\/wp\/v2\/media\/18507"}],"wp:attachment":[{"href":"https:\/\/www.thermenbauernladen.com\/online\/wp-json\/wp\/v2\/media?parent=19459"}],"wp:term":[{"taxonomy":"product_brand","embeddable":true,"href":"https:\/\/www.thermenbauernladen.com\/online\/wp-json\/wp\/v2\/product_brand?post=19459"},{"taxonomy":"product_cat","embeddable":true,"href":"https:\/\/www.thermenbauernladen.com\/online\/wp-json\/wp\/v2\/product_cat?post=19459"},{"taxonomy":"product_tag","embeddable":true,"href":"https:\/\/www.thermenbauernladen.com\/online\/wp-json\/wp\/v2\/product_tag?post=19459"}],"curies":[{"name":"wp","href":"https:\/\/api.w.org\/{rel}","templated":true}]}}