{"id":19461,"date":"2022-05-28T08:10:27","date_gmt":"2022-05-28T06:10:27","guid":{"rendered":"https:\/\/www.thermenbauernladen.com\/online\/?post_type=product&#038;p=19461"},"modified":"2022-05-28T08:10:31","modified_gmt":"2022-05-28T06:10:31","slug":"suhudler-frizz-piccolo-020l-weingut-glatz-3","status":"publish","type":"product","link":"https:\/\/www.thermenbauernladen.com\/online\/produkt\/suhudler-frizz-piccolo-020l-weingut-glatz-3\/","title":{"rendered":"S&#8217;Uhudler Frizz Piccolo 0,20l &#8211; Weingut Glatz"},"content":{"rendered":"<h2>S&#8217;Uhudler Frizz Piccolo 0,20l &#8211; Weingut Glatz<\/h2>\n<p>Charakteristik<br \/>\nPrickelnde, etwas s\u00fc\u00dfe Verf\u00fchrung der besonderen Art, belebende Duftnoten nach roten Beeren, anregend illustres Gaumenspiel.<\/p>\n<p>Vinifikation:<br \/>\nVersektet nach Impr\u00e4gnierverfahren<\/p>\n<p>Trinktemperatur: 7 &#8211; 9\u00b0C<br \/>\nAlkoholgehalt: 11,0% Vol. Alk.<br \/>\nS\u00e4uregehalt: 6,5 g\/l<br \/>\nFlaschengr\u00f6\u00dfe: 0.75 l<\/p>\n","protected":false},"excerpt":{"rendered":"<p>S&#8217;Uhudler Frizz Piccolo 0,20l &#8211; Weingut Glatz<\/p>\n","protected":false},"featured_media":18529,"comment_status":"closed","ping_status":"closed","template":"","meta":[],"product_brand":[],"product_cat":[142],"product_tag":[],"class_list":{"0":"post-19461","1":"product","2":"type-product","3":"status-publish","4":"has-post-thumbnail","6":"product_cat-frizzante-secco-wein-vinothek-destillerie","8":"first","9":"instock","10":"taxable","11":"shipping-taxable","12":"product-type-simple"},"_links":{"self":[{"href":"https:\/\/www.thermenbauernladen.com\/online\/wp-json\/wp\/v2\/product\/19461","targetHints":{"allow":["GET"]}}],"collection":[{"href":"https:\/\/www.thermenbauernladen.com\/online\/wp-json\/wp\/v2\/product"}],"about":[{"href":"https:\/\/www.thermenbauernladen.com\/online\/wp-json\/wp\/v2\/types\/product"}],"replies":[{"embeddable":true,"href":"https:\/\/www.thermenbauernladen.com\/online\/wp-json\/wp\/v2\/comments?post=19461"}],"wp:featuredmedia":[{"embeddable":true,"href":"https:\/\/www.thermenbauernladen.com\/online\/wp-json\/wp\/v2\/media\/18529"}],"wp:attachment":[{"href":"https:\/\/www.thermenbauernladen.com\/online\/wp-json\/wp\/v2\/media?parent=19461"}],"wp:term":[{"taxonomy":"product_brand","embeddable":true,"href":"https:\/\/www.thermenbauernladen.com\/online\/wp-json\/wp\/v2\/product_brand?post=19461"},{"taxonomy":"product_cat","embeddable":true,"href":"https:\/\/www.thermenbauernladen.com\/online\/wp-json\/wp\/v2\/product_cat?post=19461"},{"taxonomy":"product_tag","embeddable":true,"href":"https:\/\/www.thermenbauernladen.com\/online\/wp-json\/wp\/v2\/product_tag?post=19461"}],"curies":[{"name":"wp","href":"https:\/\/api.w.org\/{rel}","templated":true}]}}