{"id":19462,"date":"2022-05-28T08:10:27","date_gmt":"2022-05-28T06:10:27","guid":{"rendered":"https:\/\/www.thermenbauernladen.com\/online\/?post_type=product&#038;p=19462"},"modified":"2022-05-28T08:10:31","modified_gmt":"2022-05-28T06:10:31","slug":"suhudler-frizzante-075l-weingut-glatz-3","status":"publish","type":"product","link":"https:\/\/www.thermenbauernladen.com\/online\/produkt\/suhudler-frizzante-075l-weingut-glatz-3\/","title":{"rendered":"S&#8217;Uhudler Frizzante 0,75l &#8211; Weingut Glatz"},"content":{"rendered":"<h2>S&#8217;Uhudler Frizzante 0,75l &#8211; Weingut Glatz<\/h2>\n<p>Im S&#8217;Uhudler vom Weingut Glatz findet sich die Urform der Weinrebe wieder. Der intensive\u00a0Duft nach saftigen, dunkelroten Walderdbeeren und das\u00a0pfiffige und finessreiche Aroma mit schwarzen Johannisbeerankl\u00e4ngen ergeben zusammen ein beerig-spritziges\u00a0Gaumenspiel. Als prickelnder Frizzante wird\u00a0der S&#8217;Uhudler zum\u00a0pefekten Brunch-Begleiter oder zum Genuss f\u00fcr Zwischendurch.<\/p>\n<p>&nbsp;<\/p>\n<p><u>Kulinarischer Tipp<\/u><\/p>\n<p>&nbsp;<\/p>\n<p>Genie\u00dfen Sie den S&#8217;Uhudler-Frizzante\u00a0am besten bei einer Trinktemperatur von 7-9\u00b0C zum Brunch, als Aperitif oder zwischen den Mahlzeiten.<\/p>\n<p>&nbsp;<\/p>\n<hr \/>\n<p>&nbsp;<\/p>\n<table dir=\"ltr\" border=\"0\" cellspacing=\"0\" cellpadding=\"0\" align=\"left\">\n<tbody>\n<tr>\n<td>Charakteristik<\/td>\n<td>prickelnd, beerig und leicht s\u00fc\u00df<\/td>\n<\/tr>\n<tr>\n<td>Vinifikation<\/td>\n<td>versektet nach Impr\u00e4gnierverfahren<\/td>\n<\/tr>\n<tr>\n<td>Trinktemperatur<\/td>\n<td>7-9\u00b0C<\/td>\n<\/tr>\n<tr>\n<td>Lage<\/td>\n<td><\/td>\n<\/tr>\n<tr>\n<td>Alkoholgehalt<\/td>\n<td>11,0% Vol. Alk<\/td>\n<\/tr>\n<tr>\n<td>Passt zu<\/td>\n<td>Brunch<\/td>\n<\/tr>\n<\/tbody>\n<\/table>\n<hr \/>\n<p>&nbsp;<\/p>\n<hr \/>\n<p>&nbsp;<\/p>\n<div><\/div>\n<p>&nbsp;<\/p>\n<p><u>\u00dcber den Produzenten<\/u><\/p>\n<p>1969 legten Karl und Anna Glatz den Grundstein f\u00fcr das heutige Weingut. Der damals seiner Zeit weit vorausdenkende Winzer errichtete einen f\u00fcr die Oststeiermark typischen Vierkanthof, der auch heute noch der Hauptsitz\u00a0ist. Die Enkelin Katharina Glatz \u00fcbernahm das\u00a0Weingut 1989 und baute es mit ihrem Lebensgef\u00e4hrten Karl N\u00f6hrer zur heutigen Gr\u00f6\u00dfe aus.<\/p>\n<p>&nbsp;<\/p>\n<p><u>Fragen zum Produkt<\/u><\/p>\n<p>produkt@thermenbauernladen.at<\/p>\n<p>&nbsp;<\/p>\n<p><u>Herkunft<\/u><\/p>\n<p>Inmitten der Oststeiermark und dem Thermenland gelegen, erstreckt sich die 2-Thermenregion Bad Waltersdorf. Die Region ist nicht nur f\u00fcr ihre landschaftliche, sondern auch f\u00fcr ihre kulinarische Vielfalt bekannt. Vom heimischen Obst und Gem\u00fcse bis hin zu Milchprodukten bietet die Region ihren G\u00e4sten zahlreiche Natursch\u00e4tze.<\/p>\n","protected":false},"excerpt":{"rendered":"<p>Beerig und prickelnd &#8211; der besondere Frizzante aus dem\u00a0preisgekr\u00f6nten Weingut Glatz<\/p>\n<p>Ein\u00a0prickelnder,\u00a0leicht s\u00fc\u00dfer Frizzante mit belebender Duftnote und anregenem Gaumenspiel<\/p>\n","protected":false},"featured_media":18531,"comment_status":"closed","ping_status":"closed","template":"","meta":[],"product_brand":[],"product_cat":[142],"product_tag":[],"class_list":{"0":"post-19462","1":"product","2":"type-product","3":"status-publish","4":"has-post-thumbnail","6":"product_cat-frizzante-secco-wein-vinothek-destillerie","8":"first","9":"instock","10":"taxable","11":"shipping-taxable","12":"product-type-simple"},"_links":{"self":[{"href":"https:\/\/www.thermenbauernladen.com\/online\/wp-json\/wp\/v2\/product\/19462","targetHints":{"allow":["GET"]}}],"collection":[{"href":"https:\/\/www.thermenbauernladen.com\/online\/wp-json\/wp\/v2\/product"}],"about":[{"href":"https:\/\/www.thermenbauernladen.com\/online\/wp-json\/wp\/v2\/types\/product"}],"replies":[{"embeddable":true,"href":"https:\/\/www.thermenbauernladen.com\/online\/wp-json\/wp\/v2\/comments?post=19462"}],"wp:featuredmedia":[{"embeddable":true,"href":"https:\/\/www.thermenbauernladen.com\/online\/wp-json\/wp\/v2\/media\/18531"}],"wp:attachment":[{"href":"https:\/\/www.thermenbauernladen.com\/online\/wp-json\/wp\/v2\/media?parent=19462"}],"wp:term":[{"taxonomy":"product_brand","embeddable":true,"href":"https:\/\/www.thermenbauernladen.com\/online\/wp-json\/wp\/v2\/product_brand?post=19462"},{"taxonomy":"product_cat","embeddable":true,"href":"https:\/\/www.thermenbauernladen.com\/online\/wp-json\/wp\/v2\/product_cat?post=19462"},{"taxonomy":"product_tag","embeddable":true,"href":"https:\/\/www.thermenbauernladen.com\/online\/wp-json\/wp\/v2\/product_tag?post=19462"}],"curies":[{"name":"wp","href":"https:\/\/api.w.org\/{rel}","templated":true}]}}