{"id":19464,"date":"2022-05-28T08:10:27","date_gmt":"2022-05-28T06:10:27","guid":{"rendered":"https:\/\/www.thermenbauernladen.com\/online\/?post_type=product&#038;p=19464"},"modified":"2022-05-28T08:10:31","modified_gmt":"2022-05-28T06:10:31","slug":"kuerbis-secco-frizz-750ml-oelmuehle-hoefler-3","status":"publish","type":"product","link":"https:\/\/www.thermenbauernladen.com\/online\/produkt\/kuerbis-secco-frizz-750ml-oelmuehle-hoefler-3\/","title":{"rendered":"K\u00fcrbis-Secco frizz 750ml &#8211; \u00d6lm\u00fchle H\u00f6fler"},"content":{"rendered":"<h2>K\u00fcrbis-Secco frizz 750ml &#8211; \u00d6lm\u00fchle H\u00f6fler<\/h2>\n<p>&nbsp;<\/p>\n<p>Der K\u00fcrbis-Secco ist ein spritziges und\u00a0trockenes Weingetr\u00e4nk, das\u00a0aus sonnenreifen\u00a0Hokkaido-K\u00fcrbissen gewonnen wird, was sich auch in\u00a0der\u00a0goldenen\u00a0Farbe widerspiegelt. Der Secco verspricht die\u00a0pure, prickelnde Lebensfreude!<\/p>\n<p>&nbsp;<\/p>\n<p><u>Kulinarischer Tipp<\/u><\/p>\n<p>&nbsp;<\/p>\n<p>Der K\u00fcrbis-Secco eignet sich hervorragend als Aperitif und als Begleiter zu leichten Speisen.<\/p>\n<p>&nbsp;<\/p>\n<hr \/>\n<p>&nbsp;<\/p>\n<table dir=\"ltr\" border=\"0\" cellspacing=\"0\" cellpadding=\"0\" align=\"left\">\n<tbody>\n<tr>\n<td>Zutaten\/Inhaltsstoffe<\/td>\n<td>Trinkwasser, Weinessig, Senfsaat, K\u00fcrbiskerne (14%), Steinsalz, Zucker, Gew\u00fcrze<\/td>\n<\/tr>\n<tr>\n<td>Charakteristik<\/td>\n<td><\/td>\n<\/tr>\n<tr>\n<td>Lagerung<\/td>\n<td>k\u00fchl und dunkel<\/td>\n<\/tr>\n<tr>\n<td>Alkohol<\/td>\n<td>keiner<\/td>\n<\/tr>\n<tr>\n<td>Allergene<\/td>\n<td><\/td>\n<\/tr>\n<tr>\n<td>Passt zu<\/td>\n<td>leichter K\u00fcche<\/td>\n<\/tr>\n<\/tbody>\n<\/table>\n<hr \/>\n<p>&nbsp;<\/p>\n<hr \/>\n<p>&nbsp;<\/p>\n<div><\/div>\n<p>&nbsp;<\/p>\n<p><u>\u00dcber den Produzenten<\/u><\/p>\n<p>Karl H\u00f6fler gr\u00fcndete 1999 neben seinem landwirtschaftlichen Betrieb die K\u00fcrbiskern\u00f6lm\u00fchle.\u00a0 2014 errichtete er aufgrund des hohen Absatzes und der zu klein gewordenen R\u00e4umlichkeiten eine\u00a0 neue \u00d6lm\u00fchle in Kaindorf, wo er heute zusammen mit seiner Familie auch den HEIMAT-Genuss Laden betreibt.<\/p>\n<p>&nbsp;<\/p>\n<p><u>Fragen zum Produkt<\/u><\/p>\n<p>produkt@thermenbauernladen.at<\/p>\n","protected":false},"excerpt":{"rendered":"<p>Aromatisch und golden &#8211; der spritzige\u00a0Secco mit k\u00fcrbis-fruchtiger\u00a0Seele<\/p>\n<p>Aromatisierter, weinhaltiger Aperitif aus sonnengereiften Hokkaido-K\u00fcrbissen<\/p>\n","protected":false},"featured_media":18533,"comment_status":"closed","ping_status":"closed","template":"","meta":[],"product_brand":[],"product_cat":[142],"product_tag":[],"class_list":{"0":"post-19464","1":"product","2":"type-product","3":"status-publish","4":"has-post-thumbnail","6":"product_cat-frizzante-secco-wein-vinothek-destillerie","8":"first","9":"instock","10":"taxable","11":"shipping-taxable","12":"product-type-simple"},"_links":{"self":[{"href":"https:\/\/www.thermenbauernladen.com\/online\/wp-json\/wp\/v2\/product\/19464","targetHints":{"allow":["GET"]}}],"collection":[{"href":"https:\/\/www.thermenbauernladen.com\/online\/wp-json\/wp\/v2\/product"}],"about":[{"href":"https:\/\/www.thermenbauernladen.com\/online\/wp-json\/wp\/v2\/types\/product"}],"replies":[{"embeddable":true,"href":"https:\/\/www.thermenbauernladen.com\/online\/wp-json\/wp\/v2\/comments?post=19464"}],"wp:featuredmedia":[{"embeddable":true,"href":"https:\/\/www.thermenbauernladen.com\/online\/wp-json\/wp\/v2\/media\/18533"}],"wp:attachment":[{"href":"https:\/\/www.thermenbauernladen.com\/online\/wp-json\/wp\/v2\/media?parent=19464"}],"wp:term":[{"taxonomy":"product_brand","embeddable":true,"href":"https:\/\/www.thermenbauernladen.com\/online\/wp-json\/wp\/v2\/product_brand?post=19464"},{"taxonomy":"product_cat","embeddable":true,"href":"https:\/\/www.thermenbauernladen.com\/online\/wp-json\/wp\/v2\/product_cat?post=19464"},{"taxonomy":"product_tag","embeddable":true,"href":"https:\/\/www.thermenbauernladen.com\/online\/wp-json\/wp\/v2\/product_tag?post=19464"}],"curies":[{"name":"wp","href":"https:\/\/api.w.org\/{rel}","templated":true}]}}