{"id":19467,"date":"2022-05-28T08:10:28","date_gmt":"2022-05-28T06:10:28","guid":{"rendered":"https:\/\/www.thermenbauernladen.com\/online\/?post_type=product&#038;p=19467"},"modified":"2022-05-28T08:10:31","modified_gmt":"2022-05-28T06:10:31","slug":"suhudler-075l-weingut-glatz-3","status":"publish","type":"product","link":"https:\/\/www.thermenbauernladen.com\/online\/produkt\/suhudler-075l-weingut-glatz-3\/","title":{"rendered":"S&#8217;Uhudler 0,75l &#8211; Weingut Glatz"},"content":{"rendered":"<h2>S&#8217;Uhudler 0,75l &#8211; Weingut Glatz<\/h2>\n<p>Im S&#8217;Uhudler vom Weingut Glatz findet sich die Urform der Weinrebe wieder. Der intensive\u00a0Duft nach saftigen, dunkelroten Walderdbeeren und das\u00a0pfiffige und finessreiche Aroma mit schwarzen Johannisbeerankl\u00e4ngen ergeben zusammen ein beerig-spritziges\u00a0Gaumenspiel.<\/p>\n<p>&nbsp;<\/p>\n<p><u>Kulinarischer Tipp<\/u><\/p>\n<p>&nbsp;<\/p>\n<p>Genie\u00dfen Sie den S&#8217;Uhudler am besten zwischendurch,\u00a0bei einer Trinktemperatur von 7-10\u00b0C zu Pasta, Snacks, leichten Speisen\u00a0und fruchtigen Desserts.<\/p>\n<p>&nbsp;<\/p>\n<hr \/>\n<p>&nbsp;<\/p>\n<table dir=\"ltr\" border=\"0\" cellspacing=\"0\" cellpadding=\"0\" align=\"left\">\n<tbody>\n<tr>\n<td>Charakteristik<\/td>\n<td>s\u00fc\u00df und feinherb; samtig-weicher K\u00f6rper<\/td>\n<\/tr>\n<tr>\n<td>Vinifikation<\/td>\n<td>temperaturgesteuerte Verg\u00e4rung; klassisch im Stahltank<\/td>\n<\/tr>\n<tr>\n<td>Trinktemperatur<\/td>\n<td>7-10\u00b0C<\/td>\n<\/tr>\n<tr>\n<td>Lage<\/td>\n<td><\/td>\n<\/tr>\n<tr>\n<td>Alkoholgehalt<\/td>\n<td>11,0% Vol. Alk<\/td>\n<\/tr>\n<tr>\n<td>Passt zu<\/td>\n<td>Pasta, Snacks, leichten Speisen\u00a0und fruchtigen Desserts<\/td>\n<\/tr>\n<\/tbody>\n<\/table>\n<hr \/>\n<p>&nbsp;<\/p>\n<hr \/>\n<p>&nbsp;<\/p>\n<div><\/div>\n<p>&nbsp;<\/p>\n<p><u>\u00dcber den Produzenten<\/u><\/p>\n<p>1969 legten Karl und Anna Glatz den Grundstein f\u00fcr das heutige Weingut. Der damals seiner Zeit weit vorausdenkende Winzer errichtete einen f\u00fcr die Oststeiermark typischen Vierkanthof, der auch heute noch der Hauptsitz\u00a0ist. Die Enkelin Katharina Glatz \u00fcbernahm das\u00a0Weingut 1989 und baute es mit ihrem Lebensgef\u00e4hrten Karl N\u00f6hrer zur heutigen Gr\u00f6\u00dfe aus.<\/p>\n<p>&nbsp;<\/p>\n<p><u>Fragen zum Produkt<\/u><\/p>\n<p>produkt@thermenbauernladen.at<\/p>\n<p>&nbsp;<\/p>\n<p><u>Herkunft<\/u><\/p>\n<p>Inmitten der Oststeiermark und dem Thermenland gelegen, erstreckt sich die 2-Thermenregion Bad Waltersdorf. Die Region ist nicht nur f\u00fcr ihre landschaftliche, sondern auch f\u00fcr ihre kulinarische Vielfalt bekannt. Vom heimischen Obst und Gem\u00fcse bis hin zu Milchprodukten bietet die Region ihren G\u00e4sten zahlreiche Natursch\u00e4tze.<\/p>\n","protected":false},"excerpt":{"rendered":"<p>Intensiv und pfiffig &#8211; der beondere Uhudler aus der 2-Thermenregion<\/p>\n<p>Eine prickelnde Uhudler-Kreation aus dem Weingut Glatz, die man auch zu fruchtigen Desserts genie\u00dfen kann.<\/p>\n","protected":false},"featured_media":18537,"comment_status":"closed","ping_status":"closed","template":"","meta":[],"product_brand":[],"product_cat":[144],"product_tag":[],"class_list":{"0":"post-19467","1":"product","2":"type-product","3":"status-publish","4":"has-post-thumbnail","6":"product_cat-rose-wein-vinothek-destillerie","8":"first","9":"instock","10":"taxable","11":"shipping-taxable","12":"product-type-simple"},"_links":{"self":[{"href":"https:\/\/www.thermenbauernladen.com\/online\/wp-json\/wp\/v2\/product\/19467","targetHints":{"allow":["GET"]}}],"collection":[{"href":"https:\/\/www.thermenbauernladen.com\/online\/wp-json\/wp\/v2\/product"}],"about":[{"href":"https:\/\/www.thermenbauernladen.com\/online\/wp-json\/wp\/v2\/types\/product"}],"replies":[{"embeddable":true,"href":"https:\/\/www.thermenbauernladen.com\/online\/wp-json\/wp\/v2\/comments?post=19467"}],"wp:featuredmedia":[{"embeddable":true,"href":"https:\/\/www.thermenbauernladen.com\/online\/wp-json\/wp\/v2\/media\/18537"}],"wp:attachment":[{"href":"https:\/\/www.thermenbauernladen.com\/online\/wp-json\/wp\/v2\/media?parent=19467"}],"wp:term":[{"taxonomy":"product_brand","embeddable":true,"href":"https:\/\/www.thermenbauernladen.com\/online\/wp-json\/wp\/v2\/product_brand?post=19467"},{"taxonomy":"product_cat","embeddable":true,"href":"https:\/\/www.thermenbauernladen.com\/online\/wp-json\/wp\/v2\/product_cat?post=19467"},{"taxonomy":"product_tag","embeddable":true,"href":"https:\/\/www.thermenbauernladen.com\/online\/wp-json\/wp\/v2\/product_tag?post=19467"}],"curies":[{"name":"wp","href":"https:\/\/api.w.org\/{rel}","templated":true}]}}