{"id":19469,"date":"2022-05-28T08:10:28","date_gmt":"2022-05-28T06:10:28","guid":{"rendered":"https:\/\/www.thermenbauernladen.com\/online\/?post_type=product&#038;p=19469"},"modified":"2022-05-28T08:10:31","modified_gmt":"2022-05-28T06:10:31","slug":"marille-brand-035l-schalk-ewald-3","status":"publish","type":"product","link":"https:\/\/www.thermenbauernladen.com\/online\/produkt\/marille-brand-035l-schalk-ewald-3\/","title":{"rendered":"Marille Brand 0,35l &#8211; Schalk Ewald*"},"content":{"rendered":"<h2>Marille Brand 0,35l &#8211; Schalk Ewald*<\/h2>\n<p>*Produkt wird auf Rechnung und im Auftrag des Produzenten vermittelt!<br \/>\nKeine Lieferung au\u00dferhalb von \u00d6sterreich<\/p>\n<p>Das\u00a0herrliche Aroma\u00a0vollreifer Marillen (Aprikosen) macht diesen Marillenbrand\u00a0zu einem fruchtigen\u00a0Genuss. Die Marillen werden t\u00e4glich frisch geerntet und zeichnen sich durch Nat\u00fcrlichkeit und ein besonders feines Aroma aus.<\/p>\n<div class=\"single_inside_content\">\n<div><\/div>\n<\/div>\n<p><u>Kulinarischer Tipp<\/u><\/p>\n<p>&nbsp;<\/p>\n<p>Der Marillenbrand\u00a0ist ein Klassiker und schmeckt herrlich zu den deftigeren Speisen der \u00f6sterreichischen K\u00fcche.<\/p>\n<p>&nbsp;<\/p>\n<hr \/>\n<p>&nbsp;<\/p>\n<table dir=\"ltr\" border=\"0\" cellspacing=\"0\" cellpadding=\"0\" align=\"left\">\n<tbody>\n<tr>\n<td>Zutaten\/Inhaltsstoffe<\/td>\n<td><\/td>\n<\/tr>\n<tr>\n<td>Charakteristik<\/td>\n<td>klar und fruchtig<\/td>\n<\/tr>\n<tr>\n<td>Lagerung<\/td>\n<td>k\u00fchl und dunkel<\/td>\n<\/tr>\n<tr>\n<td>Alkohol<\/td>\n<td>38,5,00% Vol. Alk.<\/td>\n<\/tr>\n<tr>\n<td>Allergene<\/td>\n<td><\/td>\n<\/tr>\n<tr>\n<td>Passt zu<\/td>\n<td>deftigen Speisen der \u00f6sterreichischen K\u00fcche<\/td>\n<\/tr>\n<\/tbody>\n<\/table>\n<hr \/>\n<p>&nbsp;<\/p>\n<hr \/>\n<p>&nbsp;<\/p>\n<div><\/div>\n<p>&nbsp;<\/p>\n<p><u>\u00dcber den Produzenten<\/u><\/p>\n<p>In Ewald Schalks Schnapsothek in Bad Waltersdorf findet man \u00fcber 40 Sorten Edelbr\u00e4nde und Lik\u00f6re, die auch in ausf\u00fchrlichen Degustationen vorgestellt werden.<\/p>\n<p>&nbsp;<\/p>\n<p><u>Fragen zum Produkt<\/u><\/p>\n<p>produkt@thermenbauernladen.at<\/p>\n<p>&nbsp;<\/p>\n<p><u>Herkunft<\/u><\/p>\n<p>Inmitten der Oststeiermark und dem Thermenland gelegen, erstreckt sich die 2-Thermenregion Bad Waltersdorf. Die Region ist nicht nur f\u00fcr ihre landschaftliche, sondern auch f\u00fcr ihre kulinarische Vielfalt bekannt. Vom heimischen Obst und Gem\u00fcse bis hin zu Milchprodukten bietet die Region ihren G\u00e4sten zahlreiche Natursch\u00e4tze.<\/p>\n","protected":false},"excerpt":{"rendered":"<p>Klar\u00a0und fruchtig &#8211; der Klassiker unter den Br\u00e4nden\u00a0aus\u00a0der 2-Thermenregion<\/p>\n<p>Ein klarer und fruchtiger Brand aus sonnenreifen Marillen, der sich besonders gut als Begleiter f\u00fcr die \u00f6sterreichische K\u00fcche eignet<\/p>\n","protected":false},"featured_media":18539,"comment_status":"closed","ping_status":"closed","template":"","meta":[],"product_brand":[],"product_cat":[156],"product_tag":[],"class_list":{"0":"post-19469","1":"product","2":"type-product","3":"status-publish","4":"has-post-thumbnail","6":"product_cat-edelbraende-destillerie-vinothek-destillerie","8":"first","9":"instock","10":"taxable","11":"shipping-taxable","12":"product-type-simple"},"_links":{"self":[{"href":"https:\/\/www.thermenbauernladen.com\/online\/wp-json\/wp\/v2\/product\/19469","targetHints":{"allow":["GET"]}}],"collection":[{"href":"https:\/\/www.thermenbauernladen.com\/online\/wp-json\/wp\/v2\/product"}],"about":[{"href":"https:\/\/www.thermenbauernladen.com\/online\/wp-json\/wp\/v2\/types\/product"}],"replies":[{"embeddable":true,"href":"https:\/\/www.thermenbauernladen.com\/online\/wp-json\/wp\/v2\/comments?post=19469"}],"wp:featuredmedia":[{"embeddable":true,"href":"https:\/\/www.thermenbauernladen.com\/online\/wp-json\/wp\/v2\/media\/18539"}],"wp:attachment":[{"href":"https:\/\/www.thermenbauernladen.com\/online\/wp-json\/wp\/v2\/media?parent=19469"}],"wp:term":[{"taxonomy":"product_brand","embeddable":true,"href":"https:\/\/www.thermenbauernladen.com\/online\/wp-json\/wp\/v2\/product_brand?post=19469"},{"taxonomy":"product_cat","embeddable":true,"href":"https:\/\/www.thermenbauernladen.com\/online\/wp-json\/wp\/v2\/product_cat?post=19469"},{"taxonomy":"product_tag","embeddable":true,"href":"https:\/\/www.thermenbauernladen.com\/online\/wp-json\/wp\/v2\/product_tag?post=19469"}],"curies":[{"name":"wp","href":"https:\/\/api.w.org\/{rel}","templated":true}]}}