{"id":19500,"date":"2022-05-28T08:10:37","date_gmt":"2022-05-28T06:10:37","guid":{"rendered":"https:\/\/www.thermenbauernladen.com\/online\/?post_type=product&#038;p=19500"},"modified":"2022-05-28T08:10:40","modified_gmt":"2022-05-28T06:10:40","slug":"gin-waldbeere-05l-fuxbau-3","status":"publish","type":"product","link":"https:\/\/www.thermenbauernladen.com\/online\/produkt\/gin-waldbeere-05l-fuxbau-3\/","title":{"rendered":"Gin Waldbeere 0,5l &#8211; Fuxbau"},"content":{"rendered":"<h2>Gin Waldbeere 0,5l &#8211; Fuxbau<\/h2>\n<h2>Produktbeschreibung Gin Fuxbau<\/h2>\n<p>&nbsp;<\/p>\n<p>Die seperate Destillation und Reifung\u00a0der einzelnen Gew\u00fcrz-, Kr\u00e4uter- und Obstausz\u00fcge machen\u00a0den\u00a0Geschmack und Geruch des Fuxbau Gins facettenreich und einmalig. Gepr\u00e4gt wird der Gin\u00a0u. a.\u00a0durch den Geschmack der Zirbe, der Fichte und der Vogelbeere, wodurch er\u00a0zu einem unverwechselbaren Geruchs- und Geschmackserlebnis wird.\u00a0Die Vogelbeere verleiht\u00a0ihm\u00a0eine\u00a0zus\u00e4tzlich fruchtige Besonderheit und rundet die ausgepr\u00e4gten Aromen zu einem harmonischen Aromaspiel ab.<\/p>\n<p>&nbsp;<\/p>\n<p><u>Kulinarischer Tipp<\/u><\/p>\n<p>&nbsp;<\/p>\n<p>Diesen Gin kann man einfach des Genusses wegen genie\u00dfen. Er schmeckt aber auch sehr gut zu regionalen Gerichten.<\/p>\n<p>&nbsp;<\/p>\n<hr \/>\n<p>&nbsp;<\/p>\n<table dir=\"ltr\" border=\"0\" cellspacing=\"0\" cellpadding=\"0\" align=\"left\">\n<tbody>\n<tr>\n<td>Zutaten\/Inhaltsstoffe<\/td>\n<td><\/td>\n<\/tr>\n<tr>\n<td>Charakteristik<\/td>\n<td>vielschichtiges Aroma mit Zirben-, Fichten-, und Vogelbeeren-Pr\u00e4gung<\/td>\n<\/tr>\n<tr>\n<td>Lagerung<\/td>\n<td>trocken und dunkel;<\/td>\n<\/tr>\n<tr>\n<td>Alkohol<\/td>\n<td><\/td>\n<\/tr>\n<tr>\n<td>Allergene<\/td>\n<td><\/td>\n<\/tr>\n<tr>\n<td>Passt zu<\/td>\n<td>regionalen Gerichten<\/td>\n<\/tr>\n<\/tbody>\n<\/table>\n<hr \/>\n<p>&nbsp;<\/p>\n<hr \/>\n<p>&nbsp;<\/p>\n<div><\/div>\n<p>&nbsp;<\/p>\n<p><u>\u00dcber den Produzenten<\/u><\/p>\n<p>&nbsp;<\/p>\n<p>Die Fuxbau-Brennerei befindet sich im sch\u00f6nen Buch-St. Magdalena und setzt auf ein nat\u00fcrliches, unverf\u00e4lschtes und authentisches Produkt, das den Genuss und das Lebenswerte\u00a0in den Vordergrund stellt.<\/p>\n<p>&nbsp;<\/p>\n<p><u>Fragen zum Produkt<\/u><\/p>\n<p>produkt@thermenbauernladen.at<\/p>\n<p>&nbsp;<\/p>\n<p><u>Herkunft<\/u><\/p>\n<p>Inmitten der Oststeiermark und dem Thermenland gelegen, erstreckt sich die 2-Thermenregion Bad Waltersdorf. Die Region ist nicht nur f\u00fcr ihre landschaftliche, sondern auch f\u00fcr ihre kulinarische Vielfalt bekannt. Vom heimischen Obst und Gem\u00fcse bis hin zu Milchprodukten bietet die Region ihren G\u00e4sten zahlreiche Natursch\u00e4tze.<\/p>\n","protected":false},"excerpt":{"rendered":"<p>Beerig und rauchig &#8211; der unvergleichliche Gin aus der 2-Thermenregion<\/p>\n<p>Der Fuxbau-Gin besticht durch seine vielen Geschmacksfacetten und ist ein herrlicher Begleiter f\u00fcr die regionale K\u00fcche.<\/p>\n","protected":false},"featured_media":18617,"comment_status":"closed","ping_status":"closed","template":"","meta":[],"product_brand":[],"product_cat":[158],"product_tag":[],"class_list":{"0":"post-19500","1":"product","2":"type-product","3":"status-publish","4":"has-post-thumbnail","6":"product_cat-gin-destillerie-vinothek-destillerie","8":"first","9":"instock","10":"taxable","11":"shipping-taxable","12":"product-type-simple"},"_links":{"self":[{"href":"https:\/\/www.thermenbauernladen.com\/online\/wp-json\/wp\/v2\/product\/19500","targetHints":{"allow":["GET"]}}],"collection":[{"href":"https:\/\/www.thermenbauernladen.com\/online\/wp-json\/wp\/v2\/product"}],"about":[{"href":"https:\/\/www.thermenbauernladen.com\/online\/wp-json\/wp\/v2\/types\/product"}],"replies":[{"embeddable":true,"href":"https:\/\/www.thermenbauernladen.com\/online\/wp-json\/wp\/v2\/comments?post=19500"}],"wp:featuredmedia":[{"embeddable":true,"href":"https:\/\/www.thermenbauernladen.com\/online\/wp-json\/wp\/v2\/media\/18617"}],"wp:attachment":[{"href":"https:\/\/www.thermenbauernladen.com\/online\/wp-json\/wp\/v2\/media?parent=19500"}],"wp:term":[{"taxonomy":"product_brand","embeddable":true,"href":"https:\/\/www.thermenbauernladen.com\/online\/wp-json\/wp\/v2\/product_brand?post=19500"},{"taxonomy":"product_cat","embeddable":true,"href":"https:\/\/www.thermenbauernladen.com\/online\/wp-json\/wp\/v2\/product_cat?post=19500"},{"taxonomy":"product_tag","embeddable":true,"href":"https:\/\/www.thermenbauernladen.com\/online\/wp-json\/wp\/v2\/product_tag?post=19500"}],"curies":[{"name":"wp","href":"https:\/\/api.w.org\/{rel}","templated":true}]}}