{"id":19502,"date":"2022-05-28T08:10:42","date_gmt":"2022-05-28T06:10:42","guid":{"rendered":"https:\/\/www.thermenbauernladen.com\/online\/?post_type=product&#038;p=19502"},"modified":"2022-05-28T08:10:44","modified_gmt":"2022-05-28T06:10:44","slug":"toni-woka-whisky-05l-toni-braeu-3","status":"publish","type":"product","link":"https:\/\/www.thermenbauernladen.com\/online\/produkt\/toni-woka-whisky-05l-toni-braeu-3\/","title":{"rendered":"Toni Woka Whisky 0,5l &#8211; Toni Br\u00e4u"},"content":{"rendered":"<h2>Toni Woka Whisky 0,5l &#8211; Toni Br\u00e4u<\/h2>\n<p>Die Geschichte von Toni Woka beginnt weder in den schottischen Highlands, noch in irischen Pubs \u2013 nein, sie beginnt in Italien. Dort hat Toni seine Eichenf\u00e4sser entdeckt. Toni will diese Eichenf\u00e4sser mit Wasser des Lebens f\u00fcllen, denn dies ist die Bedeutung von Whisky. F\u00fcr den Toni Woka wird das \u201eToni Br\u00e4u\u201c nach 500-j\u00e4hriger Tradition destilliert und anschlie\u00dfend in Eichenf\u00e4ssern gelagert. Malz, Hopfen, Wasser und Hefe bilden die Basis f\u00fcr unverwechselbare Gaumenfreuden, wie sie nur die Steiermark hervorbringen kann. Genie\u00dfen Sie einen vollmundigen Single-Malt-Whisky mit intensivem Geruch und samtig-weichem Geschmack, der durch Hopfen aus eigenem Anbau eine unverwechselbare Note mit starkem Charakter transportiert. Elegant und harmonisch, kraftvoll zugleich. Ein Whisky, der seine Herkunft nicht verleugnet und die Vorz\u00fcge der Steiermark in edlem Genuss vereint.<\/p>\n<p>&nbsp;<\/p>\n<p>Erzeuger:<\/p>\n<p>Toni Br\u00e4u, Martin Josef Hofer<\/p>\n<p>Wagenbach 61, 8273 Ebersdorf<\/p>\n","protected":false},"excerpt":{"rendered":"<h2>Toni Woka Whisky 0,5l &#8211; Toni Br\u00e4u<\/h2>\n","protected":false},"featured_media":18619,"comment_status":"closed","ping_status":"closed","template":"","meta":[],"product_brand":[],"product_cat":[159],"product_tag":[],"class_list":{"0":"post-19502","1":"product","2":"type-product","3":"status-publish","4":"has-post-thumbnail","6":"product_cat-whisky-destillerie-vinothek-destillerie","8":"first","9":"instock","10":"taxable","11":"shipping-taxable","12":"product-type-simple"},"_links":{"self":[{"href":"https:\/\/www.thermenbauernladen.com\/online\/wp-json\/wp\/v2\/product\/19502","targetHints":{"allow":["GET"]}}],"collection":[{"href":"https:\/\/www.thermenbauernladen.com\/online\/wp-json\/wp\/v2\/product"}],"about":[{"href":"https:\/\/www.thermenbauernladen.com\/online\/wp-json\/wp\/v2\/types\/product"}],"replies":[{"embeddable":true,"href":"https:\/\/www.thermenbauernladen.com\/online\/wp-json\/wp\/v2\/comments?post=19502"}],"wp:featuredmedia":[{"embeddable":true,"href":"https:\/\/www.thermenbauernladen.com\/online\/wp-json\/wp\/v2\/media\/18619"}],"wp:attachment":[{"href":"https:\/\/www.thermenbauernladen.com\/online\/wp-json\/wp\/v2\/media?parent=19502"}],"wp:term":[{"taxonomy":"product_brand","embeddable":true,"href":"https:\/\/www.thermenbauernladen.com\/online\/wp-json\/wp\/v2\/product_brand?post=19502"},{"taxonomy":"product_cat","embeddable":true,"href":"https:\/\/www.thermenbauernladen.com\/online\/wp-json\/wp\/v2\/product_cat?post=19502"},{"taxonomy":"product_tag","embeddable":true,"href":"https:\/\/www.thermenbauernladen.com\/online\/wp-json\/wp\/v2\/product_tag?post=19502"}],"curies":[{"name":"wp","href":"https:\/\/api.w.org\/{rel}","templated":true}]}}