{"id":19514,"date":"2022-05-28T08:10:43","date_gmt":"2022-05-28T06:10:43","guid":{"rendered":"https:\/\/www.thermenbauernladen.com\/online\/?post_type=product&#038;p=19514"},"modified":"2022-05-28T08:10:46","modified_gmt":"2022-05-28T06:10:46","slug":"paradeisermark-ochsenherz-250ml-bauernhof-radl-3","status":"publish","type":"product","link":"https:\/\/www.thermenbauernladen.com\/online\/produkt\/paradeisermark-ochsenherz-250ml-bauernhof-radl-3\/","title":{"rendered":"Paradeisermark Ochsenherz 250ml &#8211; Bauernhof Radl"},"content":{"rendered":"<h2>Paradeisermark Ochsenherz 250ml &#8211; Bauernhof Radl<\/h2>\n<p>&nbsp;<\/p>\n<p>Die Tomaten f\u00fcr unser Paradeisermark kommen direkt aus den hauseigenen G\u00e4rten der Familie Radl, die auf ihrem Bauernhof bestes Biogem\u00fcse zieht, und daraus schonend und mit einem Gesp\u00fcr f\u00fcr\u2019s Wesentliche ihre beliebten Produkte herstellt. Da schmeckt man die Frische der Tomaten auch noch in der fertigen Pasta!<\/p>\n<p>&nbsp;<\/p>\n<p><u>Kulinarischer Tipp<\/u><\/p>\n<p>&nbsp;<\/p>\n<p>Das Paradeisermark eignet sich wunderbar als Basis f\u00fcr Pasta- oder Pizza-Saucen, Tomatensuppe oder Eintopf.<\/p>\n<p>&nbsp;<\/p>\n<hr \/>\n<p>&nbsp;<\/p>\n<table dir=\"ltr\" border=\"0\" cellspacing=\"0\" cellpadding=\"0\" align=\"left\">\n<tbody>\n<tr>\n<td>Zutaten\/Inhaltsstoffe<\/td>\n<td><s>100 % Biotomaten (Ochsenherzen), Gew\u00fcrze, Kr\u00e4uter<\/s><\/td>\n<\/tr>\n<tr>\n<td>Charakteristik<\/td>\n<td>nat\u00fcrlicher, intensiver Tomatengeschmack<\/td>\n<\/tr>\n<tr>\n<td>Lagerung<\/td>\n<td>k\u00fchl und dunkel; 2<s>\u00a0Woche Mindesthaltbarkeit<\/s><\/td>\n<\/tr>\n<tr>\n<td>Alkohol<\/td>\n<td>keiner<\/td>\n<\/tr>\n<tr>\n<td>Allergene<\/td>\n<td><s>keine<\/s><\/td>\n<\/tr>\n<tr>\n<td>Passt zu<\/td>\n<td>Pasta<\/td>\n<\/tr>\n<\/tbody>\n<\/table>\n<hr \/>\n<p>&nbsp;<\/p>\n<hr \/>\n<p>&nbsp;<\/p>\n<div><\/div>\n<p>&nbsp;<\/p>\n<p><u>\u00dcber den Produzenten<\/u><\/p>\n<p>Der mit dem AMA-G\u00fctesiegel ausgezeichnete Bauernhof-Betrieb der Familie Radl bietet eine breite Palette an selbst gezogenem\u00a0saisonalen Gem\u00fcse und regionalen Schmankerln an sowie selbstgemachte Handwerksst\u00fccke und Alpaka-Wollprodukte aus der eigenen Alpakazucht.<\/p>\n<p>&nbsp;<\/p>\n<p><u>Fragen zum Produkt<\/u><\/p>\n<p>produkt@thermenbauernladen.at<\/p>\n<p>&nbsp;<\/p>\n<p><u>Herkunft<\/u><\/p>\n<p>Inmitten der Oststeiermark und dem Thermenland gelegen, erstreckt sich die 2-Thermenregion Bad Waltersdorf. Die Region ist nicht nur f\u00fcr ihre landschaftliche, sondern auch f\u00fcr ihre kulinarische Vielfalt bekannt. Vom heimischen Obst und Gem\u00fcse bis hin zu Milchprodukten bietet die Region ihren G\u00e4sten zahlreiche Natursch\u00e4tze.<\/p>\n","protected":false},"excerpt":{"rendered":"<p>Frisch und schmackhaft \u2013 das Mark von der beliebten Ochsenherz-Tomate<\/p>\n<p>Ein hausgemachtes Paradeisermark, das sich ideal als Basis f\u00fcr Saucen, Suppen oder Eintopf eignet.<\/p>\n","protected":false},"featured_media":18681,"comment_status":"closed","ping_status":"closed","template":"","meta":[],"product_brand":[],"product_cat":[160],"product_tag":[],"class_list":{"0":"post-19514","1":"product","2":"type-product","3":"status-publish","4":"has-post-thumbnail","6":"product_cat-obstgemuese-spezialitaeten","8":"first","9":"instock","10":"taxable","11":"shipping-taxable","12":"product-type-simple"},"_links":{"self":[{"href":"https:\/\/www.thermenbauernladen.com\/online\/wp-json\/wp\/v2\/product\/19514","targetHints":{"allow":["GET"]}}],"collection":[{"href":"https:\/\/www.thermenbauernladen.com\/online\/wp-json\/wp\/v2\/product"}],"about":[{"href":"https:\/\/www.thermenbauernladen.com\/online\/wp-json\/wp\/v2\/types\/product"}],"replies":[{"embeddable":true,"href":"https:\/\/www.thermenbauernladen.com\/online\/wp-json\/wp\/v2\/comments?post=19514"}],"wp:featuredmedia":[{"embeddable":true,"href":"https:\/\/www.thermenbauernladen.com\/online\/wp-json\/wp\/v2\/media\/18681"}],"wp:attachment":[{"href":"https:\/\/www.thermenbauernladen.com\/online\/wp-json\/wp\/v2\/media?parent=19514"}],"wp:term":[{"taxonomy":"product_brand","embeddable":true,"href":"https:\/\/www.thermenbauernladen.com\/online\/wp-json\/wp\/v2\/product_brand?post=19514"},{"taxonomy":"product_cat","embeddable":true,"href":"https:\/\/www.thermenbauernladen.com\/online\/wp-json\/wp\/v2\/product_cat?post=19514"},{"taxonomy":"product_tag","embeddable":true,"href":"https:\/\/www.thermenbauernladen.com\/online\/wp-json\/wp\/v2\/product_tag?post=19514"}],"curies":[{"name":"wp","href":"https:\/\/api.w.org\/{rel}","templated":true}]}}