{"id":19528,"date":"2022-05-28T08:10:44","date_gmt":"2022-05-28T06:10:44","guid":{"rendered":"https:\/\/www.thermenbauernladen.com\/online\/?post_type=product&#038;p=19528"},"modified":"2022-05-28T08:10:48","modified_gmt":"2022-05-28T06:10:48","slug":"muskateller-balsamessig-025l-weingut-glatz-3","status":"publish","type":"product","link":"https:\/\/www.thermenbauernladen.com\/online\/produkt\/muskateller-balsamessig-025l-weingut-glatz-3\/","title":{"rendered":"Muskateller Balsamessig 0,25l &#8211; Weingut Glatz"},"content":{"rendered":"<h2>Muskateller Balsamessig 0,25l &#8211; Weingut Glatz<\/h2>\n<p>Der Balsamico aus dem beliebten steirischen Muskateller-Wein mit dem feinen Geschmack nach Muskat, etwas Holunder und Wiesenkr\u00e4uter, ist eine echte Essig-Delikatesse. Cremig und etwas s\u00fc\u00dflich durch die Lagerung im Holzfass\u00a0verfeinert er sowohl Salate als auch S\u00fc\u00dfspeisen.<\/p>\n<p>&nbsp;<\/p>\n<p><u>Kulinarischer Tipp<\/u><\/p>\n<p>&nbsp;<\/p>\n<p>Der Muskateller-Balsamessig verfeinert sowohl Salate als auch S\u00fc\u00dfspeisen und macht sich besonders gut als W\u00fcrze in verschiedenen Dips.<\/p>\n<p>&nbsp;<\/p>\n<hr \/>\n<p>&nbsp;<\/p>\n<table dir=\"ltr\" border=\"0\" cellspacing=\"0\" cellpadding=\"0\" align=\"left\">\n<tbody>\n<tr>\n<td>Zutaten\/Inhaltsstoffe<\/td>\n<td><\/td>\n<\/tr>\n<tr>\n<td>Charakteristik<\/td>\n<td>s\u00e4mige Konsistenz; runde S\u00e4urenote; muskatig, s\u00fc\u00dflich<\/td>\n<\/tr>\n<tr>\n<td>Lagerung<\/td>\n<td>trocken und dunkel<\/td>\n<\/tr>\n<tr>\n<td>Alkohol<\/td>\n<td>keiner<\/td>\n<\/tr>\n<tr>\n<td>Allergene<\/td>\n<td><\/td>\n<\/tr>\n<tr>\n<td>Passt zu<\/td>\n<td>Salat, S\u00fc\u00dfspeisen, Dips<\/td>\n<\/tr>\n<\/tbody>\n<\/table>\n<hr \/>\n<p>&nbsp;<\/p>\n<hr \/>\n<p>&nbsp;<\/p>\n<div><\/div>\n<p>&nbsp;<\/p>\n<p><u>\u00dcber den Produzenten<\/u><\/p>\n<p>1969 legten Karl und Anna Glatz den Grundstein f\u00fcr das heutige Weingut Glatz. Die damals seiner Zeit weit vorausdenkenden Winzer errichteten einen f\u00fcr die Oststeiermark typischen Vierkanthof, der auch heute noch der Hauptsitz ist. Die Enkelin Katharina Glatz \u00fcbernahm das Weingut 1989 und baute es mit ihrem Lebensgef\u00e4hrten Karl N\u00f6hrer zur heutigen Gr\u00f6\u00dfe aus.<\/p>\n<p>&nbsp;<\/p>\n<p><u>Fragen zum Produkt<\/u><\/p>\n<p>produkt@thermenbauernladen.at<\/p>\n<p>&nbsp;<\/p>\n<p><u>Herkunft<\/u><\/p>\n<p>Inmitten der Oststeiermark und dem Thermenland gelegen, erstreckt sich die 2-Thermenregion Bad Waltersdorf. Die Region ist nicht nur f\u00fcr ihre landschaftliche, sondern auch f\u00fcr ihre kulinarische Vielfalt bekannt. Vom heimischen Obst und Gem\u00fcse bis hin zu Milchprodukten bietet die Region ihren G\u00e4sten zahlreiche Natursch\u00e4tze.<\/p>\n","protected":false},"excerpt":{"rendered":"<p>Muskatig und s\u00fc\u00df &#8211; der Balsamico aus dem beliebten sterischen Muskateller<\/p>\n<p>Ein cremiger, delikater Balsamessig, der mit feiner Muskatnote und dem Aroma von Holunder\u00a0und Wiesenkr\u00e4utern besticht.<\/p>\n","protected":false},"featured_media":18696,"comment_status":"closed","ping_status":"closed","template":"","meta":[],"product_brand":[],"product_cat":[135],"product_tag":[],"class_list":{"0":"post-19528","1":"product","2":"type-product","3":"status-publish","4":"has-post-thumbnail","6":"product_cat-essigoel-spezialitaeten","8":"first","9":"instock","10":"taxable","11":"shipping-taxable","12":"product-type-simple"},"_links":{"self":[{"href":"https:\/\/www.thermenbauernladen.com\/online\/wp-json\/wp\/v2\/product\/19528","targetHints":{"allow":["GET"]}}],"collection":[{"href":"https:\/\/www.thermenbauernladen.com\/online\/wp-json\/wp\/v2\/product"}],"about":[{"href":"https:\/\/www.thermenbauernladen.com\/online\/wp-json\/wp\/v2\/types\/product"}],"replies":[{"embeddable":true,"href":"https:\/\/www.thermenbauernladen.com\/online\/wp-json\/wp\/v2\/comments?post=19528"}],"wp:featuredmedia":[{"embeddable":true,"href":"https:\/\/www.thermenbauernladen.com\/online\/wp-json\/wp\/v2\/media\/18696"}],"wp:attachment":[{"href":"https:\/\/www.thermenbauernladen.com\/online\/wp-json\/wp\/v2\/media?parent=19528"}],"wp:term":[{"taxonomy":"product_brand","embeddable":true,"href":"https:\/\/www.thermenbauernladen.com\/online\/wp-json\/wp\/v2\/product_brand?post=19528"},{"taxonomy":"product_cat","embeddable":true,"href":"https:\/\/www.thermenbauernladen.com\/online\/wp-json\/wp\/v2\/product_cat?post=19528"},{"taxonomy":"product_tag","embeddable":true,"href":"https:\/\/www.thermenbauernladen.com\/online\/wp-json\/wp\/v2\/product_tag?post=19528"}],"curies":[{"name":"wp","href":"https:\/\/api.w.org\/{rel}","templated":true}]}}