{"id":19548,"date":"2022-05-28T08:10:51","date_gmt":"2022-05-28T06:10:51","guid":{"rendered":"https:\/\/www.thermenbauernladen.com\/online\/?post_type=product&#038;p=19548"},"modified":"2022-05-28T08:10:53","modified_gmt":"2022-05-28T06:10:53","slug":"bio-polenta-kba-1-kg-melchart-teigwaren-3","status":"publish","type":"product","link":"https:\/\/www.thermenbauernladen.com\/online\/produkt\/bio-polenta-kba-1-kg-melchart-teigwaren-3\/","title":{"rendered":"Bio-Polenta kbA 1 kg &#8211; Melchart Teigwaren"},"content":{"rendered":"<h2>Bio-Polenta kbA 1 kg &#8211; Melchart Teigwaren<\/h2>\n<p>Die Polenta (oder auch Maisgrie\u00df) z\u00e4hlt zu den beliebten und traditionellen Beilagen in der altsteirischen, l\u00e4ndlichen K\u00fcche. Heute erobert die steirische Polenta die Spitzenk\u00fcchen des Landes. Aufgrund der vielen ern\u00e4hrungsphysiologischen Vorteile\u00a0erfreut sie sich aber auch in unseren privaten K\u00fcchen wieder besonderer Beliebtheit. Die Polenta aus dem Hause Melchart ist aus garantiert biologischem Anbau und deshalb besonders geschmacksintensiv und gesund.<\/p>\n<p>&nbsp;<\/p>\n<p><u>Kulinarischer Tipp<\/u><\/p>\n<p>&nbsp;<\/p>\n<p>Um aus dem Maisgries eine gesunde und schmackhafte Beilage zu machen, lassen Sie ihn einfach in kochender Gem\u00fcsebr\u00fche mit Butter quellen.\u00a0Sie k\u00f6nnen die Polenta\u00a0zu Fleisch- und Gem\u00fcsegerichten servieren und auch\u00a0f\u00fcr die\u00a0indische und\u00a0asiatische\u00a0K\u00fcche\u00a0verwenden.<\/p>\n<p>&nbsp;<\/p>\n<hr \/>\n<p>&nbsp;<\/p>\n<table dir=\"ltr\" border=\"0\" cellspacing=\"0\" cellpadding=\"0\" align=\"left\">\n<tbody>\n<tr>\n<td>Zutaten\/Inhaltsstoffe<\/td>\n<td>Bio-Maisgries<\/td>\n<\/tr>\n<tr>\n<td>Charakteristik<\/td>\n<td>grieselige Konsistenz; neutraler Geschmack<\/td>\n<\/tr>\n<tr>\n<td>Lagerung<\/td>\n<td>trocken<\/td>\n<\/tr>\n<tr>\n<td>Alkohol<\/td>\n<td>keiner<\/td>\n<\/tr>\n<tr>\n<td>Allergene<\/td>\n<td><\/td>\n<\/tr>\n<tr>\n<td>Passt zu<\/td>\n<td>Fleich und Gem\u00fcse<\/td>\n<\/tr>\n<\/tbody>\n<\/table>\n<hr \/>\n<p>&nbsp;<\/p>\n<hr \/>\n<p>&nbsp;<\/p>\n<div><\/div>\n<p>&nbsp;<\/p>\n<p><u>\u00dcber den Produzenten<\/u><\/p>\n<p>Die Familie Melchart begann 1980\u00a0in der Teigwarenerzeugung neue Wege zu gehen und spezialisierte sich auf die Erzeugung von wertvollen, echten, kontrolliert biologischen Vollkornteigwaren. Ihre\u00a0Produkte zeichnen sich nicht nur durch gesundheitliche, sondern auch durch geschmackliche Vorz\u00fcge aus.<\/p>\n<p>&nbsp;<\/p>\n<p><u>Fragen zum Produkt<\/u><\/p>\n<p>produkt@thermenbauernladen.at<\/p>\n<p>&nbsp;<\/p>\n<p><u>Herkunft<\/u><\/p>\n<p>Inmitten der Oststeiermark und dem Thermenland gelegen, erstreckt sich die 2-Thermenregion Bad Waltersdorf. Die Region ist nicht nur f\u00fcr ihre landschaftliche, sondern auch f\u00fcr ihre kulinarische Vielfalt bekannt. Vom heimischen Obst und Gem\u00fcse bis hin zu Milchprodukten bietet die Region ihren G\u00e4sten zahlreiche Natursch\u00e4tze.<\/p>\n","protected":false},"excerpt":{"rendered":"<p>Garantiert biologisch &#8211; die steirische Polenta\u00a0aus dem Hause Melchart<\/p>\n<p>Eine urtypisch steirische Beilage aus Maisgrie\u00df, die gerade eine Renaissance erf\u00e4hrt und sich wunderbar als Reis-Ersatz eignet.<\/p>\n","protected":false},"featured_media":18751,"comment_status":"closed","ping_status":"closed","template":"","meta":[],"product_brand":[],"product_cat":[161],"product_tag":[],"class_list":{"0":"post-19548","1":"product","2":"type-product","3":"status-publish","4":"has-post-thumbnail","6":"product_cat-trockenware-spezialitaeten","8":"first","9":"instock","10":"taxable","11":"shipping-taxable","12":"product-type-simple"},"_links":{"self":[{"href":"https:\/\/www.thermenbauernladen.com\/online\/wp-json\/wp\/v2\/product\/19548","targetHints":{"allow":["GET"]}}],"collection":[{"href":"https:\/\/www.thermenbauernladen.com\/online\/wp-json\/wp\/v2\/product"}],"about":[{"href":"https:\/\/www.thermenbauernladen.com\/online\/wp-json\/wp\/v2\/types\/product"}],"replies":[{"embeddable":true,"href":"https:\/\/www.thermenbauernladen.com\/online\/wp-json\/wp\/v2\/comments?post=19548"}],"wp:featuredmedia":[{"embeddable":true,"href":"https:\/\/www.thermenbauernladen.com\/online\/wp-json\/wp\/v2\/media\/18751"}],"wp:attachment":[{"href":"https:\/\/www.thermenbauernladen.com\/online\/wp-json\/wp\/v2\/media?parent=19548"}],"wp:term":[{"taxonomy":"product_brand","embeddable":true,"href":"https:\/\/www.thermenbauernladen.com\/online\/wp-json\/wp\/v2\/product_brand?post=19548"},{"taxonomy":"product_cat","embeddable":true,"href":"https:\/\/www.thermenbauernladen.com\/online\/wp-json\/wp\/v2\/product_cat?post=19548"},{"taxonomy":"product_tag","embeddable":true,"href":"https:\/\/www.thermenbauernladen.com\/online\/wp-json\/wp\/v2\/product_tag?post=19548"}],"curies":[{"name":"wp","href":"https:\/\/api.w.org\/{rel}","templated":true}]}}