{"id":19609,"date":"2022-05-28T08:11:05","date_gmt":"2022-05-28T06:11:05","guid":{"rendered":"https:\/\/www.thermenbauernladen.com\/online\/?post_type=product&#038;p=19609"},"modified":"2022-05-28T08:11:08","modified_gmt":"2022-05-28T06:11:08","slug":"bierlikoer-schokolade-80g-toni-braeu-3","status":"publish","type":"product","link":"https:\/\/www.thermenbauernladen.com\/online\/produkt\/bierlikoer-schokolade-80g-toni-braeu-3\/","title":{"rendered":"Bierlik\u00f6r-Schokolade 80g &#8211; Toni Br\u00e4u"},"content":{"rendered":"<h2>Bierlik\u00f6r-Schokolade 80g &#8211; Toni Br\u00e4u<\/h2>\n<p>Toni-Br\u00e4u produziert nur nat\u00fcrlich gebrautes Bier, welches ausschlie\u00dflich mit Zutaten von zertifizierten Produkten aus der Region hergestellt wird. Der feinw\u00fcrzige Bierlik\u00f6r ist auch f\u00fcr Genie\u00dfer geeignet, die eigentlich kein Bier m\u00f6gen, denn die Malzextrakte s\u00fc\u00dfen den Lik\u00f6r auf nat\u00fcrliche Weise und die feine, bierige Note tritt in den Hintergrund. Ummantelt von zarter Schokolade schmeckt\u00a0der Bierlik\u00f6r nat\u00fcrlich besonders verf\u00fchrersich.<\/p>\n<div class=\"single_inside_content\">\n<div><\/div>\n<\/div>\n<p><u>Kulinarischer Tipp<\/u><\/p>\n<p>&nbsp;<\/p>\n<p>Genie\u00dfen Sie Ihre Bierlik\u00f6r-Schokolade als kulinarische Besonderheit einfach zwischendurch.<\/p>\n<p>&nbsp;<\/p>\n<hr \/>\n<p>&nbsp;<\/p>\n<table dir=\"ltr\" border=\"0\" cellspacing=\"0\" cellpadding=\"0\" align=\"left\">\n<tbody>\n<tr>\n<td>Zutaten\/Inhaltsstoffe<\/td>\n<td><\/td>\n<\/tr>\n<tr>\n<td>Charakteristik<\/td>\n<td>dunkel; feinherb und schokoladig s\u00fc\u00df<\/td>\n<\/tr>\n<tr>\n<td>Lagerung<\/td>\n<td>k\u00fchl und dunkel<\/td>\n<\/tr>\n<tr>\n<td>Alkohol<\/td>\n<td><\/td>\n<\/tr>\n<tr>\n<td>Allergene<\/td>\n<td><\/td>\n<\/tr>\n<tr>\n<td>Passt zu<\/td>\n<td>Bierlik\u00f6r<\/td>\n<\/tr>\n<\/tbody>\n<\/table>\n<hr \/>\n<p>&nbsp;<\/p>\n<hr \/>\n<p>&nbsp;<\/p>\n<div><\/div>\n<p>&nbsp;<\/p>\n<p><u>\u00dcber den Produzenten<\/u><\/p>\n<p>Toni Hofer funktionierte eine alte K\u00e4serei in eine Brauerei um, die 2002 er\u00f6ffnet wurde. Mittlerweile ist der Familienbetrieb bekannt f\u00fcr sein nicht filtriertes, nicht pasteurisiertes\u00a0Naturbier \u201eTONI BR\u00c4U\u201c, das aus Wasser, Hopfen, Malz und etwas ganz Besonderem besteht.\u00a0Im Zentrum des Betriebs steht \u00f6kologisches Handeln und eine 100% klimaneutrale Produktion.<\/p>\n<p>&nbsp;<\/p>\n<p><u>Fragen zum Produkt<\/u><\/p>\n<p>produkt@thermenbauernladen.at<\/p>\n<p>&nbsp;<\/p>\n<p><u>Herkunft<\/u><\/p>\n<p>Inmitten der Oststeiermark und dem Thermenland gelegen, erstreckt sich die 2-Thermenregion Bad Waltersdorf. Die Region ist nicht nur f\u00fcr ihre landschaftliche, sondern auch f\u00fcr ihre kulinarische Vielfalt bekannt. Vom heimischen Obst und Gem\u00fcse bis hin zu Milchprodukten bietet die Region ihren G\u00e4sten zahlreiche Natursch\u00e4tze.<\/p>\n","protected":false},"excerpt":{"rendered":"<p>Dunkel und verf\u00fchrerisch\u00a0&#8211; die besondere Schokolade mit Bierlik\u00f6r von Toni Br\u00e4u<\/p>\n<p>Eine Zartbitterschokolade gef\u00fcllt mit\u00a0s\u00fc\u00dfem\u00a0Bierlik\u00f6r, die auch\u00a0als besonderes Geschenk eine gute Figur macht<\/p>\n","protected":false},"featured_media":18928,"comment_status":"closed","ping_status":"closed","template":"","meta":[],"product_brand":[],"product_cat":[166],"product_tag":[],"class_list":{"0":"post-19609","1":"product","2":"type-product","3":"status-publish","4":"has-post-thumbnail","6":"product_cat-schokoladen-suesses","8":"first","9":"instock","10":"taxable","11":"shipping-taxable","12":"product-type-simple"},"_links":{"self":[{"href":"https:\/\/www.thermenbauernladen.com\/online\/wp-json\/wp\/v2\/product\/19609","targetHints":{"allow":["GET"]}}],"collection":[{"href":"https:\/\/www.thermenbauernladen.com\/online\/wp-json\/wp\/v2\/product"}],"about":[{"href":"https:\/\/www.thermenbauernladen.com\/online\/wp-json\/wp\/v2\/types\/product"}],"replies":[{"embeddable":true,"href":"https:\/\/www.thermenbauernladen.com\/online\/wp-json\/wp\/v2\/comments?post=19609"}],"wp:featuredmedia":[{"embeddable":true,"href":"https:\/\/www.thermenbauernladen.com\/online\/wp-json\/wp\/v2\/media\/18928"}],"wp:attachment":[{"href":"https:\/\/www.thermenbauernladen.com\/online\/wp-json\/wp\/v2\/media?parent=19609"}],"wp:term":[{"taxonomy":"product_brand","embeddable":true,"href":"https:\/\/www.thermenbauernladen.com\/online\/wp-json\/wp\/v2\/product_brand?post=19609"},{"taxonomy":"product_cat","embeddable":true,"href":"https:\/\/www.thermenbauernladen.com\/online\/wp-json\/wp\/v2\/product_cat?post=19609"},{"taxonomy":"product_tag","embeddable":true,"href":"https:\/\/www.thermenbauernladen.com\/online\/wp-json\/wp\/v2\/product_tag?post=19609"}],"curies":[{"name":"wp","href":"https:\/\/api.w.org\/{rel}","templated":true}]}}