{"id":19614,"date":"2022-05-28T08:11:05","date_gmt":"2022-05-28T06:11:05","guid":{"rendered":"https:\/\/www.thermenbauernladen.com\/online\/?post_type=product&#038;p=19614"},"modified":"2022-05-28T08:11:09","modified_gmt":"2022-05-28T06:11:09","slug":"apfel-himbeersaft-1l-obsthof-fuchs-3","status":"publish","type":"product","link":"https:\/\/www.thermenbauernladen.com\/online\/produkt\/apfel-himbeersaft-1l-obsthof-fuchs-3\/","title":{"rendered":"Apfel-Himbeersaft 1l &#8211; Obsthof Fuchs"},"content":{"rendered":"<h2>Apfel-Himbeersaft 1l &#8211; Obsthof Fuchs<\/h2>\n<p>&nbsp;<\/p>\n<p>Die Mischung verschiedener Apfelsorten aus der Region mit dem wertvollen Saft k\u00f6stlicher Himbeeren ergibt nicht nur ein wundersch\u00f6nes Himbeerrot f\u00fcr das Auge, sondern auch einen herrlichen Trinkgenuss f\u00fcr den Gaumen.<\/p>\n<p>&nbsp;<\/p>\n<p><u>Kulinarischer Tipp<\/u><\/p>\n<p>&nbsp;<\/p>\n<p>Der Apfel-Himbeersaft ist, mit Wasser oder Mineral gespritzt, ein herrlicher Durstl\u00f6scher, schmeckt aber auch\u00a0wunderbar\u00a0zur regionalen K\u00fcche.<\/p>\n<p>&nbsp;<\/p>\n<hr \/>\n<p>&nbsp;<\/p>\n<table dir=\"ltr\" border=\"0\" cellspacing=\"0\" cellpadding=\"0\" align=\"left\">\n<tbody>\n<tr>\n<td>Zutaten\/Inhaltsstoffe<\/td>\n<td>Wertvoller Direktaft aus verschiedenen Apfelsorten und Himbeeren<\/td>\n<\/tr>\n<tr>\n<td>Charakteristik<\/td>\n<td>sch\u00f6nes Himbeerrot; harmonisches Apfel-Himbeeraroma<\/td>\n<\/tr>\n<tr>\n<td>Lagerung<\/td>\n<td>dunkel und k\u00fchl<\/td>\n<\/tr>\n<tr>\n<td>Alkohol<\/td>\n<td>keiner<\/td>\n<\/tr>\n<tr>\n<td>Allergene<\/td>\n<td>keine<\/td>\n<\/tr>\n<tr>\n<td>Passt zu<\/td>\n<td>regionaler K\u00fcche<\/td>\n<\/tr>\n<\/tbody>\n<\/table>\n<hr \/>\n<p>&nbsp;<\/p>\n<hr \/>\n<p>&nbsp;<\/p>\n<div><\/div>\n<p><u>\u00dcber den Produzenten<\/u><\/p>\n<p>&nbsp;<\/p>\n<p>Schon in der dritten Generation wird in der Familie Fuchs Obstbau betrieben. Die Liebe zur Natur, das \u00fcberlieferte Wissen und ein moderner Ansatz sind die Erfolgsfaktoren ihrer oststeirischen Landwirtschaft, die durch die erdige Kraft der Thermenregion die besten Fr\u00fcchte hervorbringt.<\/p>\n<p>&nbsp;<\/p>\n<p><u>Herkunft<\/u><\/p>\n<p>Inmitten der Oststeiermark und dem Thermenland gelegen, erstreckt sich die 2-Thermenregion Bad Waltersdorf. Die Region ist nicht nur f\u00fcr ihre landschaftliche, sondern auch f\u00fcr ihre kulinarische Vielfalt bekannt. Vom heimischen Obst und Gem\u00fcse bis hin zu Milchprodukten bietet die Region ihren G\u00e4sten zahlreiche Natursch\u00e4tze.<\/p>\n<p>&nbsp;<\/p>\n","protected":false},"excerpt":{"rendered":"<p>Apfel-frisch und beerig-s\u00fc\u00df &#8211; der Apfel-Himbeersaft aus der 2-Thermenregion<\/p>\n<p>Eine erfrischende und\u00a0besondere Mischung\u00a0aus dem mehrfach preisgekr\u00f6nten Obsthof Fuchs<\/p>\n","protected":false},"featured_media":18935,"comment_status":"closed","ping_status":"closed","template":"","meta":[],"product_brand":[],"product_cat":[143],"product_tag":[],"class_list":{"0":"post-19614","1":"product","2":"type-product","3":"status-publish","4":"has-post-thumbnail","6":"product_cat-saefte-getraenke","8":"first","9":"instock","10":"taxable","11":"shipping-taxable","12":"product-type-simple"},"_links":{"self":[{"href":"https:\/\/www.thermenbauernladen.com\/online\/wp-json\/wp\/v2\/product\/19614","targetHints":{"allow":["GET"]}}],"collection":[{"href":"https:\/\/www.thermenbauernladen.com\/online\/wp-json\/wp\/v2\/product"}],"about":[{"href":"https:\/\/www.thermenbauernladen.com\/online\/wp-json\/wp\/v2\/types\/product"}],"replies":[{"embeddable":true,"href":"https:\/\/www.thermenbauernladen.com\/online\/wp-json\/wp\/v2\/comments?post=19614"}],"wp:featuredmedia":[{"embeddable":true,"href":"https:\/\/www.thermenbauernladen.com\/online\/wp-json\/wp\/v2\/media\/18935"}],"wp:attachment":[{"href":"https:\/\/www.thermenbauernladen.com\/online\/wp-json\/wp\/v2\/media?parent=19614"}],"wp:term":[{"taxonomy":"product_brand","embeddable":true,"href":"https:\/\/www.thermenbauernladen.com\/online\/wp-json\/wp\/v2\/product_brand?post=19614"},{"taxonomy":"product_cat","embeddable":true,"href":"https:\/\/www.thermenbauernladen.com\/online\/wp-json\/wp\/v2\/product_cat?post=19614"},{"taxonomy":"product_tag","embeddable":true,"href":"https:\/\/www.thermenbauernladen.com\/online\/wp-json\/wp\/v2\/product_tag?post=19614"}],"curies":[{"name":"wp","href":"https:\/\/api.w.org\/{rel}","templated":true}]}}