{"id":19615,"date":"2022-05-28T08:11:06","date_gmt":"2022-05-28T06:11:06","guid":{"rendered":"https:\/\/www.thermenbauernladen.com\/online\/?post_type=product&#038;p=19615"},"modified":"2022-05-28T08:11:09","modified_gmt":"2022-05-28T06:11:09","slug":"erdbeernektar-1l-obsthof-fuchs-3","status":"publish","type":"product","link":"https:\/\/www.thermenbauernladen.com\/online\/produkt\/erdbeernektar-1l-obsthof-fuchs-3\/","title":{"rendered":"Erdbeernektar 1l, Obsthof Fuchs"},"content":{"rendered":"<h2>Erdbeernektar 1l, Obsthof Fuchs<\/h2>\n<p>&nbsp;<\/p>\n<p>Beim Obsthof Fuchs gibt es die verschiedensten sonnengereiften Fr\u00fcchte als Vitaminbombe in der Flasche. Vom\u00a0Holunderbl\u00fctensirup\u00a0bis hin zu diversen Obsts\u00e4ften \u2013 die Produktpalette l\u00e4sst keine W\u00fcnsche offen. Der cremige\u00a0Nektar aus frischen, steirischen Erdbeeren ist vor allem f\u00fcr Genie\u00dfer interessant, und\u00a0sowohl pur als auch gespritzt ein echter Genuss.<\/p>\n<p>&nbsp;<\/p>\n<p><u>Kulinarischer Tipp<\/u><\/p>\n<p>&nbsp;<\/p>\n<p>Der Erdbeernektar aus dem Hause Fuchs ist pur und gespritzt ein echter Trinkgenuss, schmeckt aber auch herrlich im Wei\u00dfwein, Sekt oder Prosecco, oder als Begleiter zu kalten Desserts.<\/p>\n<p>&nbsp;<\/p>\n<hr \/>\n<p>&nbsp;<\/p>\n<table dir=\"ltr\" border=\"0\" cellspacing=\"0\" cellpadding=\"0\" align=\"left\">\n<tbody>\n<tr>\n<td>Zutaten\/Inhaltsstoffe<\/td>\n<td><s>Wertvoller Direktsaft aus Erdbeeren<\/s><\/td>\n<\/tr>\n<tr>\n<td>Charakteristik<\/td>\n<td>sch\u00f6nes Erdbeerrot; nat\u00fcrliches Fruchtaroma<\/td>\n<\/tr>\n<tr>\n<td>Lagerung<\/td>\n<td><s>dunkel und k\u00fchl; 2 Wochen Mindesthaltbarkeit<\/s><\/td>\n<\/tr>\n<tr>\n<td>Alkohol<\/td>\n<td>keiner<\/td>\n<\/tr>\n<tr>\n<td>Allergene<\/td>\n<td><s>keine<\/s><\/td>\n<\/tr>\n<tr>\n<td>Passt zu<\/td>\n<td>Kalten Desserts, Wei\u00dfwein, Sekt, Prosecco<\/td>\n<\/tr>\n<\/tbody>\n<\/table>\n<hr \/>\n<p>&nbsp;<\/p>\n<hr \/>\n<p>&nbsp;<\/p>\n<div><\/div>\n<p><u>\u00dcber den Produzenten<\/u><\/p>\n<p>&nbsp;<\/p>\n<p>Schon in der dritten Generation wird in der Familie Fuchs Obstbau betrieben. Die Liebe zur Natur, das \u00fcberlieferte Wissen und ein moderner Ansatz sind die Erfolgsfaktoren ihrer oststeirischen Landwirtschaft, die durch die erdige Kraft der Thermenregion die besten Fr\u00fcchte hervorbringt.<\/p>\n<p>&nbsp;<\/p>\n<p><u>Herkunft<\/u><\/p>\n<p>Inmitten der Oststeiermark und dem Thermenland gelegen, erstreckt sich die 2-Thermenregion Bad Waltersdorf. Die Region ist nicht nur f\u00fcr ihre landschaftliche, sondern auch f\u00fcr ihre kulinarische Vielfalt bekannt. Vom heimischen Obst und Gem\u00fcse bis hin zu Milchprodukten bietet die Region ihren G\u00e4sten zahlreiche Natursch\u00e4tze.<\/p>\n","protected":false},"excerpt":{"rendered":"<p>Cremig und erdbeerig &#8211; der Nektar aus den Erdbeeren der 2-Thermenregion<\/p>\n<p>Ein s\u00fc\u00dfer Nektar aus sonnenreifen Erdbeeren, der auch als Mix mit\u00a0Wei\u00dfweinen und Sektgetr\u00e4nken eine hervorragende Figur macht<\/p>\n","protected":false},"featured_media":18936,"comment_status":"closed","ping_status":"closed","template":"","meta":[],"product_brand":[],"product_cat":[143],"product_tag":[],"class_list":{"0":"post-19615","1":"product","2":"type-product","3":"status-publish","4":"has-post-thumbnail","6":"product_cat-saefte-getraenke","8":"first","9":"instock","10":"taxable","11":"shipping-taxable","12":"product-type-simple"},"_links":{"self":[{"href":"https:\/\/www.thermenbauernladen.com\/online\/wp-json\/wp\/v2\/product\/19615","targetHints":{"allow":["GET"]}}],"collection":[{"href":"https:\/\/www.thermenbauernladen.com\/online\/wp-json\/wp\/v2\/product"}],"about":[{"href":"https:\/\/www.thermenbauernladen.com\/online\/wp-json\/wp\/v2\/types\/product"}],"replies":[{"embeddable":true,"href":"https:\/\/www.thermenbauernladen.com\/online\/wp-json\/wp\/v2\/comments?post=19615"}],"wp:featuredmedia":[{"embeddable":true,"href":"https:\/\/www.thermenbauernladen.com\/online\/wp-json\/wp\/v2\/media\/18936"}],"wp:attachment":[{"href":"https:\/\/www.thermenbauernladen.com\/online\/wp-json\/wp\/v2\/media?parent=19615"}],"wp:term":[{"taxonomy":"product_brand","embeddable":true,"href":"https:\/\/www.thermenbauernladen.com\/online\/wp-json\/wp\/v2\/product_brand?post=19615"},{"taxonomy":"product_cat","embeddable":true,"href":"https:\/\/www.thermenbauernladen.com\/online\/wp-json\/wp\/v2\/product_cat?post=19615"},{"taxonomy":"product_tag","embeddable":true,"href":"https:\/\/www.thermenbauernladen.com\/online\/wp-json\/wp\/v2\/product_tag?post=19615"}],"curies":[{"name":"wp","href":"https:\/\/api.w.org\/{rel}","templated":true}]}}