{"id":19655,"date":"2022-05-28T08:11:19","date_gmt":"2022-05-28T06:11:19","guid":{"rendered":"https:\/\/www.thermenbauernladen.com\/online\/?post_type=product&#038;p=19655"},"modified":"2022-05-28T08:11:21","modified_gmt":"2022-05-28T06:11:21","slug":"gelber-bernstein-anhaenger-bernstein23-3","status":"publish","type":"product","link":"https:\/\/www.thermenbauernladen.com\/online\/produkt\/gelber-bernstein-anhaenger-bernstein23-3\/","title":{"rendered":"Gelber Bernstein Anh\u00e4nger &#8211; Bernstein23"},"content":{"rendered":"<p>Gelber Bernstein Anh\u00e4nger in 925 Silber gefasst, auf 6-reihige Lederb\u00e4nder<\/p>\n<p>Verstellbar<\/p>\n<p>25g<\/p>\n","protected":false},"excerpt":{"rendered":"<p>Gelber Bernstein Anh\u00e4nger in 925 Silber gefasst, auf 6-reihige Lederb\u00e4nder<\/p>\n<p>Verstellbar<\/p>\n<p>25g<\/p>\n","protected":false},"featured_media":19051,"comment_status":"closed","ping_status":"closed","template":"","meta":[],"product_brand":[],"product_cat":[85,86],"product_tag":[],"class_list":{"0":"post-19655","1":"product","2":"type-product","3":"status-publish","4":"has-post-thumbnail","6":"product_cat-geschenke","7":"product_cat-themenwelt","9":"first","10":"instock","11":"taxable","12":"shipping-taxable","13":"product-type-simple"},"_links":{"self":[{"href":"https:\/\/www.thermenbauernladen.com\/online\/wp-json\/wp\/v2\/product\/19655","targetHints":{"allow":["GET"]}}],"collection":[{"href":"https:\/\/www.thermenbauernladen.com\/online\/wp-json\/wp\/v2\/product"}],"about":[{"href":"https:\/\/www.thermenbauernladen.com\/online\/wp-json\/wp\/v2\/types\/product"}],"replies":[{"embeddable":true,"href":"https:\/\/www.thermenbauernladen.com\/online\/wp-json\/wp\/v2\/comments?post=19655"}],"wp:featuredmedia":[{"embeddable":true,"href":"https:\/\/www.thermenbauernladen.com\/online\/wp-json\/wp\/v2\/media\/19051"}],"wp:attachment":[{"href":"https:\/\/www.thermenbauernladen.com\/online\/wp-json\/wp\/v2\/media?parent=19655"}],"wp:term":[{"taxonomy":"product_brand","embeddable":true,"href":"https:\/\/www.thermenbauernladen.com\/online\/wp-json\/wp\/v2\/product_brand?post=19655"},{"taxonomy":"product_cat","embeddable":true,"href":"https:\/\/www.thermenbauernladen.com\/online\/wp-json\/wp\/v2\/product_cat?post=19655"},{"taxonomy":"product_tag","embeddable":true,"href":"https:\/\/www.thermenbauernladen.com\/online\/wp-json\/wp\/v2\/product_tag?post=19655"}],"curies":[{"name":"wp","href":"https:\/\/api.w.org\/{rel}","templated":true}]}}