{"id":20110,"date":"2022-11-06T10:56:12","date_gmt":"2022-11-06T09:56:12","guid":{"rendered":"https:\/\/www.thermenbauernladen.com\/online\/?post_type=product&#038;p=20110"},"modified":"2024-03-27T19:44:01","modified_gmt":"2024-03-27T18:44:01","slug":"20110","status":"publish","type":"product","link":"https:\/\/www.thermenbauernladen.com\/online\/produkt\/20110\/","title":{"rendered":"Best of Regionale Weihnacht"},"content":{"rendered":"<h2 class=\"headline\">Produktdetails<\/h2>\n<div class=\"description ng-star-inserted\">\n<p>100% Beste Regionale Premium Qualit\u00e4t der Produkte aus b\u00e4uerlicher Produktion und von kleine Manufakturen, umweltfreundliches Geschenk Verpackungssystem, Tausende, zufriedene Kunden vertrauen und schenken &#8222;Regionale Genussgeschenke&#8220;.<\/p>\n<p><strong>Weihnachtlicher Lik\u00f6r, 0,20l<\/strong><br \/>\nDer liebliche Lik\u00f6r ist die perfekte Spezialit\u00e4t f\u00fcr die Zeit um Weihnachten. Feine auserw\u00e4hlte, frische Zutaten und lieblicher Honig bringen den einzigartigen besonderen winterlichen und weihnachtlichen Geschmack. Ein ganz besonderes Highlight f\u00fcr den besonderen Gaumen. Auf traditioneller Art hergestellt.<\/p>\n<p><strong>Honig vom Imkermeister, 140g<\/strong><br \/>\nGoldgelb und kr\u00e4ftig-s\u00fc\u00df &#8211; der Klassiker unter den Honigsorten cremig ger\u00fchrt. Aromatischer Honig aus den regionalen Wiesen.<\/p>\n<p><strong>K\u00fcrbiskerne Schokolade, 80g<\/strong><br \/>\nKnackig und gesund \u2013 die Knabberkerne aus dem ber\u00fchmten Steirischen \u00d6lk\u00fcrbis. Nur im Steirischen \u00d6lk\u00fcrbis findet man schalenlose Kerne. Und genau diese Besonderheit macht den einmaligen Geschmack der Kerne aus. Der K\u00fcrbis selbst besteht aus 95 % Wasser, hochwertigem Eiwei\u00df, Vitaminen, Mineralstoffen und Spurenelementen. Eine Knabberei, wie sie ges\u00fcnder und steirischer nicht sein kann.<\/p>\n<p><strong>Cantuccini, sortiert 200g<\/strong><br \/>\nCantuccini sind ein traditionelles Mandelgeb\u00e4ck. Sie werden als l\u00e4ngliche Laibe gebacken, dann in Scheiben geschnitten und wie Zwieback nochmals gebacken, wodurch sie so knusprig werden. Cantuccini in unterschiedlichen Geschmacksrichtungen mit Weizenmehl oder Dinkelvollkornmehl. Abweichend vom Originalrezept wird\u00a0<strong>30% weniger Zucker<\/strong>\u00a0verwendet. Eine knusprige Spezialit\u00e4t zum Adventsnachmittag.<\/p>\n<p><strong>Zotter Schokolade, sortiert 2 Stk. (1x Trinkschokolade, 1x gef\u00fcllte Schokolade)<\/strong><br \/>\nJosef Zotter komponiert aus Bio und Fair gehandelten Zutaten exklusive Schokoladespezialit\u00e4ten. Trinkschokolade ist ein einmaliger Genuss als Alternative f\u00fcr Kaffee oder Tee.<\/p>\n<p><strong>Fruchtaufstrich, 110g<\/strong><br \/>\nDer samtig feine\u00a0Fruchtaufstrich schmeckt intensiv nach fruchtiger Zwetschke und w\u00fcrzigem Zimt. Der perfekte Winteraufstrich f\u00fcr die Weihnachtszeit.<\/p>\n<p>&nbsp;<\/p>\n<ul>\n<li><strong>Verpackung und Dekoration &#8211;\u00a0<\/strong>wie auf dem Foto abgebildet, leichte Abweichungen der Schleifendeko nach Verf\u00fcgbarkeit m\u00f6glich.<\/li>\n<\/ul>\n<p>&nbsp;<\/p>\n<p>Jedes Geschenk wird pers\u00f6nlich zusammengestellt und mit handgebundener Schleife dekoriert. Unsere Verpackung unterstreicht besonders die Nachhaltigkeit unserer Produkte. FSC\u00ae-zertifiziertes Material, 100% recyclebar, 100% \u00f6kologisch, RESY-Zertifiziert<br \/>\nVerpackung in der naturgetreuer Holzoptik, deren Mattlackierung f\u00fcr eine ansprechende Haptik sorgt.\u00a0Innenseite natur-braun.<\/p>\n<\/div>\n<div class=\"summary ng-star-inserted\">Grussbeilage bei Lieferung an Freunde, Kollegen, Verwandte etc. &#8211; bitte separates Mail mit Bestellnummer an: geschenk@thermenbauernladen.at<\/div>\n<ul class=\"bullets ng-star-inserted\">\n<li class=\"ng-star-inserted\">Regionales Premiumprodukt<\/li>\n<li class=\"ng-star-inserted\">Grussbeilage bzw. Absender dem Paket beilegen &#8211; bitte separates Mail an: geschenk@thermenbauernladen.at<\/li>\n<\/ul>\n","protected":false},"excerpt":{"rendered":"<p>100% Beste Regionale Premium Qualit\u00e4t der Produkte aus b\u00e4uerlicher Produktion und von kleine Manufakturen, umweltfreundliches Geschenk Verpackungssystem, Tausende, zufriedene Kunden vertrauen und schenken &#8222;Regionale Genussgeschenke&#8220;.<\/p>\n","protected":false},"featured_media":20111,"comment_status":"closed","ping_status":"closed","template":"","meta":[],"product_brand":[],"product_cat":[3990],"product_tag":[3991],"class_list":{"0":"post-20110","1":"product","2":"type-product","3":"status-publish","4":"has-post-thumbnail","6":"product_cat-geschenkboxen","7":"product_tag-geschenkboxen","8":"product_shipping_class-geschenke","10":"first","11":"instock","12":"sale","13":"taxable","14":"shipping-taxable","15":"purchasable","16":"product-type-simple"},"_links":{"self":[{"href":"https:\/\/www.thermenbauernladen.com\/online\/wp-json\/wp\/v2\/product\/20110","targetHints":{"allow":["GET"]}}],"collection":[{"href":"https:\/\/www.thermenbauernladen.com\/online\/wp-json\/wp\/v2\/product"}],"about":[{"href":"https:\/\/www.thermenbauernladen.com\/online\/wp-json\/wp\/v2\/types\/product"}],"replies":[{"embeddable":true,"href":"https:\/\/www.thermenbauernladen.com\/online\/wp-json\/wp\/v2\/comments?post=20110"}],"wp:featuredmedia":[{"embeddable":true,"href":"https:\/\/www.thermenbauernladen.com\/online\/wp-json\/wp\/v2\/media\/20111"}],"wp:attachment":[{"href":"https:\/\/www.thermenbauernladen.com\/online\/wp-json\/wp\/v2\/media?parent=20110"}],"wp:term":[{"taxonomy":"product_brand","embeddable":true,"href":"https:\/\/www.thermenbauernladen.com\/online\/wp-json\/wp\/v2\/product_brand?post=20110"},{"taxonomy":"product_cat","embeddable":true,"href":"https:\/\/www.thermenbauernladen.com\/online\/wp-json\/wp\/v2\/product_cat?post=20110"},{"taxonomy":"product_tag","embeddable":true,"href":"https:\/\/www.thermenbauernladen.com\/online\/wp-json\/wp\/v2\/product_tag?post=20110"}],"curies":[{"name":"wp","href":"https:\/\/api.w.org\/{rel}","templated":true}]}}